{"id":7016,"date":"2021-09-15T13:51:08","date_gmt":"2021-09-15T11:51:08","guid":{"rendered":"https:\/\/laatuvalo.fi\/product\/marlin\/"},"modified":"2023-04-27T10:28:26","modified_gmt":"2023-04-27T08:28:26","slug":"marlin-walllamp","status":"publish","type":"product","link":"https:\/\/laatuvalo.fi\/en\/product\/marlin-walllamp\/","title":{"rendered":"MARLIN WALL LAMP"},"content":{"rendered":"<p>Ter\u00e4ksest\u00e4 valmistettu sein\u00e4valaisin sis\u00e4valaistukseen. T\u00e4m\u00e4 hieman industriaalinen sein\u00e4valaisin sopii t\u00e4ydellisesti sis\u00e4tiloihin, kuten k\u00e4yt\u00e4vien valaisemiseen luoden mukavaa tunnelmallista valoa ymp\u00e4rist\u00f6\u00f6n.<\/p>","protected":false},"excerpt":{"rendered":"<p>RETRO SEIN\u00c4VALAISIN VAIHTOPOLTTIMOLLA<\/p>","protected":false},"featured_media":19786,"template":"","meta":{"iawp_total_views":5},"product_brand":[],"product_cat":[268],"product_tag":[166],"tarvikkeet_name":[],"brand_product":[230],"class_list":{"0":"post-7016","1":"product","2":"type-product","3":"status-publish","4":"has-post-thumbnail","6":"product_cat-seinavalaisin","7":"product_tag-wall-lamp","8":"brand_product-faro-barcelona","10":"first","11":"instock","12":"taxable","13":"shipping-taxable","14":"purchasable","15":"product-type-simple"},"_links":{"self":[{"href":"https:\/\/laatuvalo.fi\/en\/wp-json\/wp\/v2\/product\/7016","targetHints":{"allow":["GET"]}}],"collection":[{"href":"https:\/\/laatuvalo.fi\/en\/wp-json\/wp\/v2\/product"}],"about":[{"href":"https:\/\/laatuvalo.fi\/en\/wp-json\/wp\/v2\/types\/product"}],"version-history":[{"count":0,"href":"https:\/\/laatuvalo.fi\/en\/wp-json\/wp\/v2\/product\/7016\/revisions"}],"wp:featuredmedia":[{"embeddable":true,"href":"https:\/\/laatuvalo.fi\/en\/wp-json\/wp\/v2\/media\/19786"}],"wp:attachment":[{"href":"https:\/\/laatuvalo.fi\/en\/wp-json\/wp\/v2\/media?parent=7016"}],"wp:term":[{"taxonomy":"product_brand","embeddable":true,"href":"https:\/\/laatuvalo.fi\/en\/wp-json\/wp\/v2\/product_brand?post=7016"},{"taxonomy":"product_cat","embeddable":true,"href":"https:\/\/laatuvalo.fi\/en\/wp-json\/wp\/v2\/product_cat?post=7016"},{"taxonomy":"product_tag","embeddable":true,"href":"https:\/\/laatuvalo.fi\/en\/wp-json\/wp\/v2\/product_tag?post=7016"},{"taxonomy":"tarvikkeet_name","embeddable":true,"href":"https:\/\/laatuvalo.fi\/en\/wp-json\/wp\/v2\/tarvikkeet_name?post=7016"},{"taxonomy":"brand_product","embeddable":true,"href":"https:\/\/laatuvalo.fi\/en\/wp-json\/wp\/v2\/brand_product?post=7016"}],"curies":[{"name":"wp","href":"https:\/\/api.w.org\/{rel}","templated":true}]}}