{"id":7020,"date":"2021-09-15T13:51:08","date_gmt":"2021-09-15T11:51:08","guid":{"rendered":"https:\/\/laatuvalo.fi\/product\/marlin-5\/"},"modified":"2023-04-27T10:37:11","modified_gmt":"2023-04-27T08:37:11","slug":"marlin-riippuvalaisin","status":"publish","type":"product","link":"https:\/\/laatuvalo.fi\/en\/product\/marlin-riippuvalaisin\/","title":{"rendered":"MARLIN PENDANT LAMP"},"content":{"rendered":"<p>MARLIN on sarja riippuvalaisimia sis\u00e4valaistukseen. Valaisimen hieman industriaalinen muotoilu sopii loistavasti sek\u00e4 klassisiin ett\u00e4 moderniin kodin-, hotelli- ja ravintolasisustukseen. T\u00e4m\u00e4 koristeellinen sisustusvalaisin on saatavilla eri varjostimien m\u00e4\u00e4r\u00e4ll\u00e4. Valitse oma versio, jossa on 1, 3, 5 tai jopa 7 valonl\u00e4hdett\u00e4.<\/p>","protected":false},"excerpt":{"rendered":"<p>MUSTA RETRO RIIPPUVALAISIN VAIHTOPOLTTIMOLLA<\/p>","protected":false},"featured_media":19794,"template":"","meta":{"iawp_total_views":0},"product_brand":[],"product_cat":[253],"product_tag":[168],"tarvikkeet_name":[],"brand_product":[230],"class_list":{"0":"post-7020","1":"product","2":"type-product","3":"status-publish","4":"has-post-thumbnail","6":"product_cat-riippuvalaisin","7":"product_tag-pendant","8":"brand_product-faro-barcelona","10":"first","11":"instock","12":"taxable","13":"shipping-taxable","14":"purchasable","15":"product-type-variable"},"_links":{"self":[{"href":"https:\/\/laatuvalo.fi\/en\/wp-json\/wp\/v2\/product\/7020","targetHints":{"allow":["GET"]}}],"collection":[{"href":"https:\/\/laatuvalo.fi\/en\/wp-json\/wp\/v2\/product"}],"about":[{"href":"https:\/\/laatuvalo.fi\/en\/wp-json\/wp\/v2\/types\/product"}],"version-history":[{"count":0,"href":"https:\/\/laatuvalo.fi\/en\/wp-json\/wp\/v2\/product\/7020\/revisions"}],"wp:featuredmedia":[{"embeddable":true,"href":"https:\/\/laatuvalo.fi\/en\/wp-json\/wp\/v2\/media\/19794"}],"wp:attachment":[{"href":"https:\/\/laatuvalo.fi\/en\/wp-json\/wp\/v2\/media?parent=7020"}],"wp:term":[{"taxonomy":"product_brand","embeddable":true,"href":"https:\/\/laatuvalo.fi\/en\/wp-json\/wp\/v2\/product_brand?post=7020"},{"taxonomy":"product_cat","embeddable":true,"href":"https:\/\/laatuvalo.fi\/en\/wp-json\/wp\/v2\/product_cat?post=7020"},{"taxonomy":"product_tag","embeddable":true,"href":"https:\/\/laatuvalo.fi\/en\/wp-json\/wp\/v2\/product_tag?post=7020"},{"taxonomy":"tarvikkeet_name","embeddable":true,"href":"https:\/\/laatuvalo.fi\/en\/wp-json\/wp\/v2\/tarvikkeet_name?post=7020"},{"taxonomy":"brand_product","embeddable":true,"href":"https:\/\/laatuvalo.fi\/en\/wp-json\/wp\/v2\/brand_product?post=7020"}],"curies":[{"name":"wp","href":"https:\/\/api.w.org\/{rel}","templated":true}]}}