{"id":7022,"date":"2021-09-15T13:51:08","date_gmt":"2021-09-15T11:51:08","guid":{"rendered":"https:\/\/laatuvalo.fi\/product\/mask-2\/"},"modified":"2023-04-27T10:38:01","modified_gmt":"2023-04-27T08:38:01","slug":"mask","status":"publish","type":"product","link":"https:\/\/laatuvalo.fi\/en\/product\/mask\/","title":{"rendered":"MASK"},"content":{"rendered":"<p>MASK on ulkok\u00e4ytt\u00f6\u00f6n tarkoitettu sein\u00e4valaisin. Korkean materiaalin laadun ja pintasuojausk\u00e4sittelyjen ansiosta valaisin kest\u00e4\u00e4 \u00e4\u00e4rimm\u00e4isen hankalia ilmasto-olosuuhteita.\u00a0 Valaisimen rungolla on 15 vuoden korroosionestotakuu.<\/p>","protected":false},"excerpt":{"rendered":"<p>LED sein\u00e4valaisin joka kest\u00e4\u00e4 \u00e4\u00e4rimm\u00e4isen hankalia ilmasto-olosuhteita<\/p>","protected":false},"featured_media":19804,"template":"","meta":{"iawp_total_views":4},"product_brand":[],"product_cat":[268],"product_tag":[166],"tarvikkeet_name":[],"brand_product":[230],"class_list":{"0":"post-7022","1":"product","2":"type-product","3":"status-publish","4":"has-post-thumbnail","6":"product_cat-seinavalaisin","7":"product_tag-wall-lamp","8":"brand_product-faro-barcelona","10":"first","11":"instock","12":"taxable","13":"shipping-taxable","14":"purchasable","15":"product-type-simple"},"_links":{"self":[{"href":"https:\/\/laatuvalo.fi\/en\/wp-json\/wp\/v2\/product\/7022","targetHints":{"allow":["GET"]}}],"collection":[{"href":"https:\/\/laatuvalo.fi\/en\/wp-json\/wp\/v2\/product"}],"about":[{"href":"https:\/\/laatuvalo.fi\/en\/wp-json\/wp\/v2\/types\/product"}],"version-history":[{"count":0,"href":"https:\/\/laatuvalo.fi\/en\/wp-json\/wp\/v2\/product\/7022\/revisions"}],"wp:featuredmedia":[{"embeddable":true,"href":"https:\/\/laatuvalo.fi\/en\/wp-json\/wp\/v2\/media\/19804"}],"wp:attachment":[{"href":"https:\/\/laatuvalo.fi\/en\/wp-json\/wp\/v2\/media?parent=7022"}],"wp:term":[{"taxonomy":"product_brand","embeddable":true,"href":"https:\/\/laatuvalo.fi\/en\/wp-json\/wp\/v2\/product_brand?post=7022"},{"taxonomy":"product_cat","embeddable":true,"href":"https:\/\/laatuvalo.fi\/en\/wp-json\/wp\/v2\/product_cat?post=7022"},{"taxonomy":"product_tag","embeddable":true,"href":"https:\/\/laatuvalo.fi\/en\/wp-json\/wp\/v2\/product_tag?post=7022"},{"taxonomy":"tarvikkeet_name","embeddable":true,"href":"https:\/\/laatuvalo.fi\/en\/wp-json\/wp\/v2\/tarvikkeet_name?post=7022"},{"taxonomy":"brand_product","embeddable":true,"href":"https:\/\/laatuvalo.fi\/en\/wp-json\/wp\/v2\/brand_product?post=7022"}],"curies":[{"name":"wp","href":"https:\/\/api.w.org\/{rel}","templated":true}]}}