{"id":7024,"date":"2021-09-15T13:51:08","date_gmt":"2021-09-15T11:51:08","guid":{"rendered":"https:\/\/laatuvalo.fi\/product\/mega\/"},"modified":"2023-04-27T10:41:28","modified_gmt":"2023-04-27T08:41:28","slug":"mega","status":"publish","type":"product","link":"https:\/\/laatuvalo.fi\/en\/product\/mega\/","title":{"rendered":"MEGA"},"content":{"rendered":"<p>valkoinen kattovalaisin, 75cm halkaisijalla. Valonl\u00e4hde on LED 50W 2700K (integroitu) ja se on himmennett\u00e4viss\u00e4.<\/p>","protected":false},"excerpt":{"rendered":"<p>himmennett\u00e4v\u00e4 LED kattovalaisin \u00d8 75cm<\/p>","protected":false},"featured_media":10413,"template":"","meta":{"iawp_total_views":12},"product_brand":[],"product_cat":[256],"product_tag":[169],"tarvikkeet_name":[],"brand_product":[230],"class_list":{"0":"post-7024","1":"product","2":"type-product","3":"status-publish","4":"has-post-thumbnail","6":"product_cat-kattovalaisin","7":"product_tag-ceiling","8":"brand_product-faro-barcelona","10":"first","11":"instock","12":"taxable","13":"shipping-taxable","14":"purchasable","15":"product-type-simple"},"_links":{"self":[{"href":"https:\/\/laatuvalo.fi\/en\/wp-json\/wp\/v2\/product\/7024","targetHints":{"allow":["GET"]}}],"collection":[{"href":"https:\/\/laatuvalo.fi\/en\/wp-json\/wp\/v2\/product"}],"about":[{"href":"https:\/\/laatuvalo.fi\/en\/wp-json\/wp\/v2\/types\/product"}],"version-history":[{"count":0,"href":"https:\/\/laatuvalo.fi\/en\/wp-json\/wp\/v2\/product\/7024\/revisions"}],"wp:featuredmedia":[{"embeddable":true,"href":"https:\/\/laatuvalo.fi\/en\/wp-json\/wp\/v2\/media\/10413"}],"wp:attachment":[{"href":"https:\/\/laatuvalo.fi\/en\/wp-json\/wp\/v2\/media?parent=7024"}],"wp:term":[{"taxonomy":"product_brand","embeddable":true,"href":"https:\/\/laatuvalo.fi\/en\/wp-json\/wp\/v2\/product_brand?post=7024"},{"taxonomy":"product_cat","embeddable":true,"href":"https:\/\/laatuvalo.fi\/en\/wp-json\/wp\/v2\/product_cat?post=7024"},{"taxonomy":"product_tag","embeddable":true,"href":"https:\/\/laatuvalo.fi\/en\/wp-json\/wp\/v2\/product_tag?post=7024"},{"taxonomy":"tarvikkeet_name","embeddable":true,"href":"https:\/\/laatuvalo.fi\/en\/wp-json\/wp\/v2\/tarvikkeet_name?post=7024"},{"taxonomy":"brand_product","embeddable":true,"href":"https:\/\/laatuvalo.fi\/en\/wp-json\/wp\/v2\/brand_product?post=7024"}],"curies":[{"name":"wp","href":"https:\/\/api.w.org\/{rel}","templated":true}]}}