{"id":7030,"date":"2021-09-15T13:51:09","date_gmt":"2021-09-15T11:51:09","guid":{"rendered":"https:\/\/laatuvalo.fi\/product\/mine-5\/"},"modified":"2023-04-27T12:31:28","modified_gmt":"2023-04-27T10:31:28","slug":"mine-poytavalaisin","status":"publish","type":"product","link":"https:\/\/laatuvalo.fi\/en\/product\/mine-poytavalaisin\/","title":{"rendered":"MINE TABLE LAMP"},"content":{"rendered":"<p>MINE GLASS sarjaan kuluu my\u00f6s pallomainen p\u00f6yt\u00e4valaisin puurungolla ja opaalilasiheijastimella. Materiaalin ja muodon ansiosta t\u00e4m\u00e4 antaa l\u00e4mpim\u00e4n ja mukavan vaikutuksen. Opaalilasi est\u00e4\u00e4 valon h\u00e4ik\u00e4isy\u00e4, silti valaisin antaa runsasti pehme\u00e4\u00e4 valoa. MINE-mallisto on palkittu GERMAN Design Awards 2018 -palkinnolla, joka osoittaa sit\u00e4, ett\u00e4 valaisin on saanut paljon huomiota ja arvostusta muotoilunsa ja innovaatioratkaisunsa takia. Tutustu MINE SPACE riippuvalaisimien eri vaihtoehtoihin.<\/p>\n<p>&nbsp;<\/p>\n<p>&nbsp;<\/p>","protected":false},"excerpt":{"rendered":"<p>P\u00d6YT\u00c4VALAISIN OPAALIHEIJASTIMELLA JA VAIHTOPOLTTIMOLLA<\/p>","protected":false},"featured_media":19922,"template":"","meta":{"iawp_total_views":3},"product_brand":[],"product_cat":[264],"product_tag":[167],"tarvikkeet_name":[],"brand_product":[230],"class_list":{"0":"post-7030","1":"product","2":"type-product","3":"status-publish","4":"has-post-thumbnail","6":"product_cat-poytavalaisimet","7":"product_tag-table-and-floor-lamps","8":"brand_product-faro-barcelona","10":"first","11":"instock","12":"taxable","13":"shipping-taxable","14":"purchasable","15":"product-type-variable"},"_links":{"self":[{"href":"https:\/\/laatuvalo.fi\/en\/wp-json\/wp\/v2\/product\/7030","targetHints":{"allow":["GET"]}}],"collection":[{"href":"https:\/\/laatuvalo.fi\/en\/wp-json\/wp\/v2\/product"}],"about":[{"href":"https:\/\/laatuvalo.fi\/en\/wp-json\/wp\/v2\/types\/product"}],"version-history":[{"count":0,"href":"https:\/\/laatuvalo.fi\/en\/wp-json\/wp\/v2\/product\/7030\/revisions"}],"wp:featuredmedia":[{"embeddable":true,"href":"https:\/\/laatuvalo.fi\/en\/wp-json\/wp\/v2\/media\/19922"}],"wp:attachment":[{"href":"https:\/\/laatuvalo.fi\/en\/wp-json\/wp\/v2\/media?parent=7030"}],"wp:term":[{"taxonomy":"product_brand","embeddable":true,"href":"https:\/\/laatuvalo.fi\/en\/wp-json\/wp\/v2\/product_brand?post=7030"},{"taxonomy":"product_cat","embeddable":true,"href":"https:\/\/laatuvalo.fi\/en\/wp-json\/wp\/v2\/product_cat?post=7030"},{"taxonomy":"product_tag","embeddable":true,"href":"https:\/\/laatuvalo.fi\/en\/wp-json\/wp\/v2\/product_tag?post=7030"},{"taxonomy":"tarvikkeet_name","embeddable":true,"href":"https:\/\/laatuvalo.fi\/en\/wp-json\/wp\/v2\/tarvikkeet_name?post=7030"},{"taxonomy":"brand_product","embeddable":true,"href":"https:\/\/laatuvalo.fi\/en\/wp-json\/wp\/v2\/brand_product?post=7030"}],"curies":[{"name":"wp","href":"https:\/\/api.w.org\/{rel}","templated":true}]}}