{"id":7043,"date":"2021-09-15T13:51:12","date_gmt":"2021-09-15T11:51:12","guid":{"rendered":"https:\/\/laatuvalo.fi\/product\/mine-18\/"},"modified":"2023-04-27T14:19:23","modified_gmt":"2023-04-27T12:19:23","slug":"mine-space","status":"publish","type":"product","link":"https:\/\/laatuvalo.fi\/en\/product\/mine-space\/","title":{"rendered":"MINE GLASS SPACE"},"content":{"rendered":"<p>MINE GLASS SPACE on sarja pallomaisia riippuvalaisimia lasisella opaaliheijastimella. Materiaalin ja muodon ansiosta antavat l\u00e4mpim\u00e4n ja silm\u00e4lle mukavan vaikutuksen. Opaalilasi est\u00e4\u00e4 valon h\u00e4ik\u00e4isy\u00e4, silti valaisin jakaa runsaasti pehme\u00e4\u00e4 valoa. MINE-mallisto on palkittu GERMAN Design Awards 2018 -palkinnolla, joka osoittaa sit\u00e4, ett\u00e4 valaisin on saanut paljon huomiota ja arvostusta muotoilunsa ja innovaatioratkaisunsa takia. Lis\u00e4varustekoukun ansiosta voit sijoittaa valaisimen sinne miss\u00e4 sit\u00e4 tarvitset, jokainen vaikka eri korkeudelle. Valonl\u00e4hteit\u00e4 voi olla 1-5kappaletta, suunnittele oma versiosi.\u00a0Huomioi, ett\u00e4 tarvitset MINE GLASS SPACE KOUKKU asennukseen kattoon. Koukkujen m\u00e4\u00e4r\u00e4 riippuu kokoelman asennustavasta:<\/p>\n<blockquote class=\"wp-embedded-content\" data-secret=\"zDPKF1J5AU\"><p><a href=\"https:\/\/laatuvalo.fi\/en\/product\/mine-glass-space-koukku\/\">MINE GLASS SPACE HOOK<\/a><\/p><\/blockquote>\n<p><iframe class=\"wp-embedded-content\" sandbox=\"allow-scripts\" security=\"restricted\" style=\"position: absolute; clip: rect(1px, 1px, 1px, 1px);\" title=\"&#8221;MINE GLASS SPACE KOUKKU&#8221; &#8212; Valaisimet &amp; valaistussuunnittelua\" src=\"https:\/\/laatuvalo.fi\/tuote\/mine-glass-space-koukku\/embed\/#?secret=rlqd5y4mme#?secret=zDPKF1J5AU\" data-secret=\"zDPKF1J5AU\" width=\"600\" height=\"338\" frameborder=\"0\" marginwidth=\"0\" marginheight=\"0\" scrolling=\"no\"><\/iframe><br \/>\nKatso esimerkkikuvat ja valitse tarvittava m\u00e4\u00e4r\u00e4 koukkuja. Kysy lis\u00e4\u00e4 jos tarvitset apua.<\/p>","protected":false},"excerpt":{"rendered":"<p>sarja pallomaisia riippuvalaisimia lasisella opaaliheijastimella, vaihtopolttimolla<\/p>","protected":false},"featured_media":20980,"template":"","meta":{"iawp_total_views":2},"product_brand":[],"product_cat":[253],"product_tag":[168],"tarvikkeet_name":[],"brand_product":[230],"class_list":{"0":"post-7043","1":"product","2":"type-product","3":"status-publish","4":"has-post-thumbnail","6":"product_cat-riippuvalaisin","7":"product_tag-pendant","8":"brand_product-faro-barcelona","10":"first","11":"instock","12":"taxable","13":"shipping-taxable","14":"purchasable","15":"product-type-variable"},"_links":{"self":[{"href":"https:\/\/laatuvalo.fi\/en\/wp-json\/wp\/v2\/product\/7043","targetHints":{"allow":["GET"]}}],"collection":[{"href":"https:\/\/laatuvalo.fi\/en\/wp-json\/wp\/v2\/product"}],"about":[{"href":"https:\/\/laatuvalo.fi\/en\/wp-json\/wp\/v2\/types\/product"}],"version-history":[{"count":0,"href":"https:\/\/laatuvalo.fi\/en\/wp-json\/wp\/v2\/product\/7043\/revisions"}],"wp:featuredmedia":[{"embeddable":true,"href":"https:\/\/laatuvalo.fi\/en\/wp-json\/wp\/v2\/media\/20980"}],"wp:attachment":[{"href":"https:\/\/laatuvalo.fi\/en\/wp-json\/wp\/v2\/media?parent=7043"}],"wp:term":[{"taxonomy":"product_brand","embeddable":true,"href":"https:\/\/laatuvalo.fi\/en\/wp-json\/wp\/v2\/product_brand?post=7043"},{"taxonomy":"product_cat","embeddable":true,"href":"https:\/\/laatuvalo.fi\/en\/wp-json\/wp\/v2\/product_cat?post=7043"},{"taxonomy":"product_tag","embeddable":true,"href":"https:\/\/laatuvalo.fi\/en\/wp-json\/wp\/v2\/product_tag?post=7043"},{"taxonomy":"tarvikkeet_name","embeddable":true,"href":"https:\/\/laatuvalo.fi\/en\/wp-json\/wp\/v2\/tarvikkeet_name?post=7043"},{"taxonomy":"brand_product","embeddable":true,"href":"https:\/\/laatuvalo.fi\/en\/wp-json\/wp\/v2\/brand_product?post=7043"}],"curies":[{"name":"wp","href":"https:\/\/api.w.org\/{rel}","templated":true}]}}