{"id":7049,"date":"2021-09-15T13:51:13","date_gmt":"2021-09-15T11:51:13","guid":{"rendered":"https:\/\/laatuvalo.fi\/product\/mine-24\/"},"modified":"2023-04-27T12:14:05","modified_gmt":"2023-04-27T10:14:05","slug":"mine-glass","status":"publish","type":"product","link":"https:\/\/laatuvalo.fi\/en\/product\/mine-glass\/","title":{"rendered":"MINE GLASS"},"content":{"rendered":"<p>MINE GLASS on sarja pallomaisia riippuvalaisimia opaalilla lasisella heijastimella ja yksityiskohtana on lyhyt puuvarsi. Materiaalin ja muodon ansiosta antavat l\u00e4mpim\u00e4n ja silm\u00e4lle mukavan vaikutuksen. Opaalilasi est\u00e4\u00e4 valon h\u00e4ik\u00e4isy\u00e4, silti valaisin jakaa runsaasti pehme\u00e4\u00e4 valoa. Lis\u00e4varustekoukun (sis\u00e4ltyy hintaan) ansiosta voit sijoittaa valon sinne miss\u00e4 sit\u00e4 tarvitset. MINE-mallisto on palkittu GERMAN Design Awards 2018 -palkinnolla, joka osoittaa sit\u00e4, ett\u00e4 valaisin on saanut paljon huomiota ja arvostusta muotoilunsa ja innovaatioratkaisunsa takia. Tutustu my\u00f6s MINE GLASS SPACE riippuvalaisimiin eri valonl\u00e4hteen m\u00e4\u00e4r\u00e4ll\u00e4.<\/p>","protected":false},"excerpt":{"rendered":"<p>RIIPPUVALAISIN OPAALILASILLA HEIJASTIMELLA JA VAIHTOPOLTTIMOLLA<\/p>","protected":false},"featured_media":19817,"template":"","meta":{"iawp_total_views":4},"product_brand":[],"product_cat":[253],"product_tag":[168],"tarvikkeet_name":[],"brand_product":[230],"class_list":{"0":"post-7049","1":"product","2":"type-product","3":"status-publish","4":"has-post-thumbnail","6":"product_cat-riippuvalaisin","7":"product_tag-pendant","8":"brand_product-faro-barcelona","10":"first","11":"instock","12":"taxable","13":"shipping-taxable","14":"purchasable","15":"product-type-variable"},"_links":{"self":[{"href":"https:\/\/laatuvalo.fi\/en\/wp-json\/wp\/v2\/product\/7049","targetHints":{"allow":["GET"]}}],"collection":[{"href":"https:\/\/laatuvalo.fi\/en\/wp-json\/wp\/v2\/product"}],"about":[{"href":"https:\/\/laatuvalo.fi\/en\/wp-json\/wp\/v2\/types\/product"}],"version-history":[{"count":0,"href":"https:\/\/laatuvalo.fi\/en\/wp-json\/wp\/v2\/product\/7049\/revisions"}],"wp:featuredmedia":[{"embeddable":true,"href":"https:\/\/laatuvalo.fi\/en\/wp-json\/wp\/v2\/media\/19817"}],"wp:attachment":[{"href":"https:\/\/laatuvalo.fi\/en\/wp-json\/wp\/v2\/media?parent=7049"}],"wp:term":[{"taxonomy":"product_brand","embeddable":true,"href":"https:\/\/laatuvalo.fi\/en\/wp-json\/wp\/v2\/product_brand?post=7049"},{"taxonomy":"product_cat","embeddable":true,"href":"https:\/\/laatuvalo.fi\/en\/wp-json\/wp\/v2\/product_cat?post=7049"},{"taxonomy":"product_tag","embeddable":true,"href":"https:\/\/laatuvalo.fi\/en\/wp-json\/wp\/v2\/product_tag?post=7049"},{"taxonomy":"tarvikkeet_name","embeddable":true,"href":"https:\/\/laatuvalo.fi\/en\/wp-json\/wp\/v2\/tarvikkeet_name?post=7049"},{"taxonomy":"brand_product","embeddable":true,"href":"https:\/\/laatuvalo.fi\/en\/wp-json\/wp\/v2\/brand_product?post=7049"}],"curies":[{"name":"wp","href":"https:\/\/api.w.org\/{rel}","templated":true}]}}