{"id":7142,"date":"2021-09-15T13:52:33","date_gmt":"2021-09-15T11:52:33","guid":{"rendered":"https:\/\/laatuvalo.fi\/product\/mute-2\/"},"modified":"2023-04-27T13:10:44","modified_gmt":"2023-04-27T11:10:44","slug":"mute","status":"publish","type":"product","link":"https:\/\/laatuvalo.fi\/en\/product\/mute\/","title":{"rendered":"MUTE"},"content":{"rendered":"<p>MUTE on riippuvalaisin joka on sopiva tiloihin miss\u00e4 on paljon \u00e4\u00e4ni\u00e4. Se tarkoittaa sit\u00e4 ett\u00e4 toimii lis\u00e4ksi \u00e4\u00e4nt\u00e4 vaimentavana sisustusesineen\u00e4 varjostimensa ansiosta. Varjostin on valmistettu 65-70 % kierr\u00e4tetyist\u00e4 pulloista ja 30-35 % P.E.T-kuidusta. Ymp\u00e4rist\u00f6yst\u00e4v\u00e4llinen valinta toimistoihin ja kokoustiloihin. Sopii loistavasti \u00e4\u00e4nieristyksen takia my\u00f6s avotilojen valaistukseen. Valonl\u00e4hde joko 3000K tai 4000K. DALI himmentt\u00e4v\u00e4.<\/p>\n<p>&nbsp;<\/p>\n<p>&nbsp;<\/p>\n<p>&nbsp;<\/p>","protected":false},"excerpt":{"rendered":"<p>Akustinen led valaisin ty\u00f6tiloihin 3000K tai 4000K,<br \/>\nDALI himmentt\u00e4v\u00e4.<\/p>","protected":false},"featured_media":19938,"template":"","meta":{"iawp_total_views":1},"product_brand":[],"product_cat":[253],"product_tag":[168],"tarvikkeet_name":[],"brand_product":[230],"class_list":{"0":"post-7142","1":"product","2":"type-product","3":"status-publish","4":"has-post-thumbnail","6":"product_cat-riippuvalaisin","7":"product_tag-pendant","8":"brand_product-faro-barcelona","10":"first","11":"instock","12":"taxable","13":"shipping-taxable","14":"purchasable","15":"product-type-variable"},"_links":{"self":[{"href":"https:\/\/laatuvalo.fi\/en\/wp-json\/wp\/v2\/product\/7142","targetHints":{"allow":["GET"]}}],"collection":[{"href":"https:\/\/laatuvalo.fi\/en\/wp-json\/wp\/v2\/product"}],"about":[{"href":"https:\/\/laatuvalo.fi\/en\/wp-json\/wp\/v2\/types\/product"}],"version-history":[{"count":0,"href":"https:\/\/laatuvalo.fi\/en\/wp-json\/wp\/v2\/product\/7142\/revisions"}],"wp:featuredmedia":[{"embeddable":true,"href":"https:\/\/laatuvalo.fi\/en\/wp-json\/wp\/v2\/media\/19938"}],"wp:attachment":[{"href":"https:\/\/laatuvalo.fi\/en\/wp-json\/wp\/v2\/media?parent=7142"}],"wp:term":[{"taxonomy":"product_brand","embeddable":true,"href":"https:\/\/laatuvalo.fi\/en\/wp-json\/wp\/v2\/product_brand?post=7142"},{"taxonomy":"product_cat","embeddable":true,"href":"https:\/\/laatuvalo.fi\/en\/wp-json\/wp\/v2\/product_cat?post=7142"},{"taxonomy":"product_tag","embeddable":true,"href":"https:\/\/laatuvalo.fi\/en\/wp-json\/wp\/v2\/product_tag?post=7142"},{"taxonomy":"tarvikkeet_name","embeddable":true,"href":"https:\/\/laatuvalo.fi\/en\/wp-json\/wp\/v2\/tarvikkeet_name?post=7142"},{"taxonomy":"brand_product","embeddable":true,"href":"https:\/\/laatuvalo.fi\/en\/wp-json\/wp\/v2\/brand_product?post=7142"}],"curies":[{"name":"wp","href":"https:\/\/api.w.org\/{rel}","templated":true}]}}