{"id":7213,"date":"2021-09-15T13:52:46","date_gmt":"2021-09-15T11:52:46","guid":{"rendered":"https:\/\/laatuvalo.fi\/product\/olot\/"},"modified":"2023-04-28T08:12:05","modified_gmt":"2023-04-28T06:12:05","slug":"olot","status":"publish","type":"product","link":"https:\/\/laatuvalo.fi\/en\/product\/olot\/","title":{"rendered":"OLOT"},"content":{"rendered":"<p>Minimalistinen pinta-asennettava kattovalaisin ulkovalaistukseen. Valmistettu alumiinista ja l\u00e4pin\u00e4kyv\u00e4st\u00e4 lasista. T\u00e4m\u00e4 kattovalaisin on ihanteellinen valaisemaan terassit, sis\u00e4\u00e4nk\u00e4ynnit ja kulkuv\u00e4yl\u00e4t. IP44-luokituksensa ansiosta sopii my\u00f6s erinomaisesti kylpyhuoneen valaistukseen esimerkiksi peilin viereen.<\/p>","protected":false},"excerpt":{"rendered":"<p>kattovalaisin sis\u00e4- ja ulkovalaistukseen (katetulle alueelle) vaihtopolttimolla<\/p>","protected":false},"featured_media":20010,"template":"","meta":{"iawp_total_views":2},"product_brand":[],"product_cat":[256,263],"product_tag":[169],"tarvikkeet_name":[],"brand_product":[230],"class_list":{"0":"post-7213","1":"product","2":"type-product","3":"status-publish","4":"has-post-thumbnail","6":"product_cat-kattovalaisin","7":"product_cat-kylpyhuonevalaisin","8":"product_tag-ceiling","9":"brand_product-faro-barcelona","11":"first","12":"instock","13":"taxable","14":"shipping-taxable","15":"purchasable","16":"product-type-variable"},"_links":{"self":[{"href":"https:\/\/laatuvalo.fi\/en\/wp-json\/wp\/v2\/product\/7213","targetHints":{"allow":["GET"]}}],"collection":[{"href":"https:\/\/laatuvalo.fi\/en\/wp-json\/wp\/v2\/product"}],"about":[{"href":"https:\/\/laatuvalo.fi\/en\/wp-json\/wp\/v2\/types\/product"}],"version-history":[{"count":0,"href":"https:\/\/laatuvalo.fi\/en\/wp-json\/wp\/v2\/product\/7213\/revisions"}],"wp:featuredmedia":[{"embeddable":true,"href":"https:\/\/laatuvalo.fi\/en\/wp-json\/wp\/v2\/media\/20010"}],"wp:attachment":[{"href":"https:\/\/laatuvalo.fi\/en\/wp-json\/wp\/v2\/media?parent=7213"}],"wp:term":[{"taxonomy":"product_brand","embeddable":true,"href":"https:\/\/laatuvalo.fi\/en\/wp-json\/wp\/v2\/product_brand?post=7213"},{"taxonomy":"product_cat","embeddable":true,"href":"https:\/\/laatuvalo.fi\/en\/wp-json\/wp\/v2\/product_cat?post=7213"},{"taxonomy":"product_tag","embeddable":true,"href":"https:\/\/laatuvalo.fi\/en\/wp-json\/wp\/v2\/product_tag?post=7213"},{"taxonomy":"tarvikkeet_name","embeddable":true,"href":"https:\/\/laatuvalo.fi\/en\/wp-json\/wp\/v2\/tarvikkeet_name?post=7213"},{"taxonomy":"brand_product","embeddable":true,"href":"https:\/\/laatuvalo.fi\/en\/wp-json\/wp\/v2\/brand_product?post=7213"}],"curies":[{"name":"wp","href":"https:\/\/api.w.org\/{rel}","templated":true}]}}