{"id":7220,"date":"2021-09-15T13:52:48","date_gmt":"2021-09-15T11:52:48","guid":{"rendered":"https:\/\/laatuvalo.fi\/product\/orleans\/"},"modified":"2023-04-28T09:04:51","modified_gmt":"2023-04-28T07:04:51","slug":"orleans-seinavalaisin","status":"publish","type":"product","link":"https:\/\/laatuvalo.fi\/en\/product\/orleans-seinavalaisin\/","title":{"rendered":"ORLEANS 1L WALL LAMP"},"content":{"rendered":"<p>Ter\u00e4ksest\u00e4 valmistettu sein\u00e4valaisin, viimeistelty valkoiseksi, mustaksi tai krominv\u00e4riseksi. Valonl\u00e4hteen\u00e4 toimii GU10 polttimo max 8W (ei sis\u00e4lly). T\u00e4m\u00e4 suunnattava minimalistinen valaisin sopii t\u00e4ydellisesti talon eri tiloihin: kuten makuhuoneen, eteiseen tai keitti\u00f6n sisustukseen. Sen suunnattavuuden ansiosta kohdistat helposti valoa sinne mihin sit\u00e4 eniten tarvitset. Tutustu my\u00f6s kaksi- ja kolmeosaiseen versioihin ORLEANS 2L ja ORLEANS 3L.<\/p>","protected":false},"excerpt":{"rendered":"<p>SUUNNATTAVA SEIN\u00c4VALAISIN VAIHTOPOLTTIMOLLA<\/p>","protected":false},"featured_media":21010,"template":"","meta":{"iawp_total_views":5},"product_brand":[],"product_cat":[266,268],"product_tag":[166],"tarvikkeet_name":[],"brand_product":[230],"class_list":{"0":"post-7220","1":"product","2":"type-product","3":"status-publish","4":"has-post-thumbnail","6":"product_cat-kohdevalaisin","7":"product_cat-seinavalaisin","8":"product_tag-wall-lamp","9":"brand_product-faro-barcelona","11":"first","12":"instock","13":"taxable","14":"shipping-taxable","15":"purchasable","16":"product-type-variable","17":"has-default-attributes"},"_links":{"self":[{"href":"https:\/\/laatuvalo.fi\/en\/wp-json\/wp\/v2\/product\/7220","targetHints":{"allow":["GET"]}}],"collection":[{"href":"https:\/\/laatuvalo.fi\/en\/wp-json\/wp\/v2\/product"}],"about":[{"href":"https:\/\/laatuvalo.fi\/en\/wp-json\/wp\/v2\/types\/product"}],"version-history":[{"count":0,"href":"https:\/\/laatuvalo.fi\/en\/wp-json\/wp\/v2\/product\/7220\/revisions"}],"wp:featuredmedia":[{"embeddable":true,"href":"https:\/\/laatuvalo.fi\/en\/wp-json\/wp\/v2\/media\/21010"}],"wp:attachment":[{"href":"https:\/\/laatuvalo.fi\/en\/wp-json\/wp\/v2\/media?parent=7220"}],"wp:term":[{"taxonomy":"product_brand","embeddable":true,"href":"https:\/\/laatuvalo.fi\/en\/wp-json\/wp\/v2\/product_brand?post=7220"},{"taxonomy":"product_cat","embeddable":true,"href":"https:\/\/laatuvalo.fi\/en\/wp-json\/wp\/v2\/product_cat?post=7220"},{"taxonomy":"product_tag","embeddable":true,"href":"https:\/\/laatuvalo.fi\/en\/wp-json\/wp\/v2\/product_tag?post=7220"},{"taxonomy":"tarvikkeet_name","embeddable":true,"href":"https:\/\/laatuvalo.fi\/en\/wp-json\/wp\/v2\/tarvikkeet_name?post=7220"},{"taxonomy":"brand_product","embeddable":true,"href":"https:\/\/laatuvalo.fi\/en\/wp-json\/wp\/v2\/brand_product?post=7220"}],"curies":[{"name":"wp","href":"https:\/\/api.w.org\/{rel}","templated":true}]}}