{"id":7221,"date":"2021-09-15T13:52:49","date_gmt":"2021-09-15T11:52:49","guid":{"rendered":"https:\/\/laatuvalo.fi\/product\/orleans-2\/"},"modified":"2023-04-28T09:05:17","modified_gmt":"2023-04-28T07:05:17","slug":"orleans-1l","status":"publish","type":"product","link":"https:\/\/laatuvalo.fi\/en\/product\/orleans-1l\/","title":{"rendered":"ORLEANS 1L CEILING LIGHT"},"content":{"rendered":"<p>Ter\u00e4ksest\u00e4 valmistettu kattovalaisin, viimeistelty valkoiseksi tai krominv\u00e4riseksi. Valonl\u00e4hteen\u00e4 toimii GU10 polttimo max 8W (ei sis\u00e4lly). T\u00e4m\u00e4 suunnattava minimalistinen valaisin sopii t\u00e4ydellisesti talon eri tiloihin: kuten olohuoneen tai keitti\u00f6n sisustukseen. Sen suunnattavuuden ansiosta kohdistat helposti valoa sinne mihin sit\u00e4 eniten tarvitset. Tutustu my\u00f6s kaksiosaiseen kattovalaisimeen ORLEANS 2L ja saman sarjan sein\u00e4valaisimiin.<\/p>","protected":false},"excerpt":{"rendered":"<p>SUUNNATTAVA KATTOVALAISIN VAIHTOPOLTTIMOLLA<\/p>","protected":false},"featured_media":20023,"template":"","meta":{"iawp_total_views":11},"product_brand":[],"product_cat":[256,266],"product_tag":[169],"tarvikkeet_name":[],"brand_product":[230],"class_list":{"0":"post-7221","1":"product","2":"type-product","3":"status-publish","4":"has-post-thumbnail","6":"product_cat-kattovalaisin","7":"product_cat-kohdevalaisin","8":"product_tag-ceiling","9":"brand_product-faro-barcelona","11":"first","12":"instock","13":"taxable","14":"shipping-taxable","15":"purchasable","16":"product-type-variable"},"_links":{"self":[{"href":"https:\/\/laatuvalo.fi\/en\/wp-json\/wp\/v2\/product\/7221","targetHints":{"allow":["GET"]}}],"collection":[{"href":"https:\/\/laatuvalo.fi\/en\/wp-json\/wp\/v2\/product"}],"about":[{"href":"https:\/\/laatuvalo.fi\/en\/wp-json\/wp\/v2\/types\/product"}],"version-history":[{"count":0,"href":"https:\/\/laatuvalo.fi\/en\/wp-json\/wp\/v2\/product\/7221\/revisions"}],"wp:featuredmedia":[{"embeddable":true,"href":"https:\/\/laatuvalo.fi\/en\/wp-json\/wp\/v2\/media\/20023"}],"wp:attachment":[{"href":"https:\/\/laatuvalo.fi\/en\/wp-json\/wp\/v2\/media?parent=7221"}],"wp:term":[{"taxonomy":"product_brand","embeddable":true,"href":"https:\/\/laatuvalo.fi\/en\/wp-json\/wp\/v2\/product_brand?post=7221"},{"taxonomy":"product_cat","embeddable":true,"href":"https:\/\/laatuvalo.fi\/en\/wp-json\/wp\/v2\/product_cat?post=7221"},{"taxonomy":"product_tag","embeddable":true,"href":"https:\/\/laatuvalo.fi\/en\/wp-json\/wp\/v2\/product_tag?post=7221"},{"taxonomy":"tarvikkeet_name","embeddable":true,"href":"https:\/\/laatuvalo.fi\/en\/wp-json\/wp\/v2\/tarvikkeet_name?post=7221"},{"taxonomy":"brand_product","embeddable":true,"href":"https:\/\/laatuvalo.fi\/en\/wp-json\/wp\/v2\/brand_product?post=7221"}],"curies":[{"name":"wp","href":"https:\/\/api.w.org\/{rel}","templated":true}]}}