{"id":7227,"date":"2021-09-15T13:52:49","date_gmt":"2021-09-15T11:52:49","guid":{"rendered":"https:\/\/laatuvalo.fi\/product\/orleans-8\/"},"modified":"2023-04-28T09:08:54","modified_gmt":"2023-04-28T07:08:54","slug":"orleans-2l-kattovalaisin","status":"publish","type":"product","link":"https:\/\/laatuvalo.fi\/en\/product\/orleans-2l-kattovalaisin\/","title":{"rendered":"ORLEANS 2L CEILING LIGHT"},"content":{"rendered":"<p>Ter\u00e4ksest\u00e4 valmistettu sein\u00e4valaisin, viimeistelty valkoiseksi tai krominv\u00e4riseksi kahdella valonl\u00e4hteell\u00e4. Valonl\u00e4hteen\u00e4 toimii GU10 polttimo max 8W (ei sis\u00e4lly). T\u00e4m\u00e4 suunnattava minimalistinen valaisin sopii t\u00e4ydellisesti talon eri tiloihin: kuten olohuoneen tai makuhuoneen sisustukseen. Sen suunnattavuuden ansiosta kohdistat helposti valoa sinne mihin sit\u00e4 eniten tarvitset. Tutustu my\u00f6s yksiosaiseen versioon ORLEANS 1L ja saman sarjan sein\u00e4valaisimiin.<\/p>","protected":false},"excerpt":{"rendered":"<p>KOHDEVALAISIN KAHDELLA VALONL\u00c4HTEELL\u00c4<\/p>","protected":false},"featured_media":20030,"template":"","meta":{"iawp_total_views":7},"product_brand":[],"product_cat":[266,256],"product_tag":[169],"tarvikkeet_name":[],"brand_product":[230],"class_list":{"0":"post-7227","1":"product","2":"type-product","3":"status-publish","4":"has-post-thumbnail","6":"product_cat-kohdevalaisin","7":"product_cat-kattovalaisin","8":"product_tag-ceiling","9":"brand_product-faro-barcelona","11":"first","12":"instock","13":"taxable","14":"shipping-taxable","15":"purchasable","16":"product-type-variable"},"_links":{"self":[{"href":"https:\/\/laatuvalo.fi\/en\/wp-json\/wp\/v2\/product\/7227","targetHints":{"allow":["GET"]}}],"collection":[{"href":"https:\/\/laatuvalo.fi\/en\/wp-json\/wp\/v2\/product"}],"about":[{"href":"https:\/\/laatuvalo.fi\/en\/wp-json\/wp\/v2\/types\/product"}],"version-history":[{"count":0,"href":"https:\/\/laatuvalo.fi\/en\/wp-json\/wp\/v2\/product\/7227\/revisions"}],"wp:featuredmedia":[{"embeddable":true,"href":"https:\/\/laatuvalo.fi\/en\/wp-json\/wp\/v2\/media\/20030"}],"wp:attachment":[{"href":"https:\/\/laatuvalo.fi\/en\/wp-json\/wp\/v2\/media?parent=7227"}],"wp:term":[{"taxonomy":"product_brand","embeddable":true,"href":"https:\/\/laatuvalo.fi\/en\/wp-json\/wp\/v2\/product_brand?post=7227"},{"taxonomy":"product_cat","embeddable":true,"href":"https:\/\/laatuvalo.fi\/en\/wp-json\/wp\/v2\/product_cat?post=7227"},{"taxonomy":"product_tag","embeddable":true,"href":"https:\/\/laatuvalo.fi\/en\/wp-json\/wp\/v2\/product_tag?post=7227"},{"taxonomy":"tarvikkeet_name","embeddable":true,"href":"https:\/\/laatuvalo.fi\/en\/wp-json\/wp\/v2\/tarvikkeet_name?post=7227"},{"taxonomy":"brand_product","embeddable":true,"href":"https:\/\/laatuvalo.fi\/en\/wp-json\/wp\/v2\/brand_product?post=7227"}],"curies":[{"name":"wp","href":"https:\/\/api.w.org\/{rel}","templated":true}]}}