{"id":7259,"date":"2021-09-15T13:52:54","date_gmt":"2021-09-15T11:52:54","guid":{"rendered":"https:\/\/laatuvalo.fi\/product\/perla-3\/"},"modified":"2023-04-28T09:28:22","modified_gmt":"2023-04-28T07:28:22","slug":"perla","status":"publish","type":"product","link":"https:\/\/laatuvalo.fi\/en\/product\/perla\/","title":{"rendered":"PERLA"},"content":{"rendered":"<p>PERLA on Alex&amp;Manel Llusc\u00e0n suunnittelema valaisin kylpyhuoneen valaistukseen. IP44- sertifioinnin ansiosta se sopii erinomaisesti m\u00e4rk\u00e4tiloihin, esimerkiksi peilin viereen. Valaisin on saatavilla nelj\u00e4ss\u00e4 eri rungon v\u00e4riss\u00e4: kulta, kromi, pronssi, musta.<\/p>","protected":false},"excerpt":{"rendered":"<p>sein\u00e4valaisin kylpyhuoneen valaistukseen, IP44<\/p>","protected":false},"featured_media":20077,"template":"","meta":{"iawp_total_views":15},"product_brand":[],"product_cat":[263,268],"product_tag":[166],"tarvikkeet_name":[],"brand_product":[230],"class_list":{"0":"post-7259","1":"product","2":"type-product","3":"status-publish","4":"has-post-thumbnail","6":"product_cat-kylpyhuonevalaisin","7":"product_cat-seinavalaisin","8":"product_tag-wall-lamp","9":"brand_product-faro-barcelona","11":"first","12":"instock","13":"taxable","14":"shipping-taxable","15":"purchasable","16":"product-type-variable"},"_links":{"self":[{"href":"https:\/\/laatuvalo.fi\/en\/wp-json\/wp\/v2\/product\/7259","targetHints":{"allow":["GET"]}}],"collection":[{"href":"https:\/\/laatuvalo.fi\/en\/wp-json\/wp\/v2\/product"}],"about":[{"href":"https:\/\/laatuvalo.fi\/en\/wp-json\/wp\/v2\/types\/product"}],"version-history":[{"count":0,"href":"https:\/\/laatuvalo.fi\/en\/wp-json\/wp\/v2\/product\/7259\/revisions"}],"wp:featuredmedia":[{"embeddable":true,"href":"https:\/\/laatuvalo.fi\/en\/wp-json\/wp\/v2\/media\/20077"}],"wp:attachment":[{"href":"https:\/\/laatuvalo.fi\/en\/wp-json\/wp\/v2\/media?parent=7259"}],"wp:term":[{"taxonomy":"product_brand","embeddable":true,"href":"https:\/\/laatuvalo.fi\/en\/wp-json\/wp\/v2\/product_brand?post=7259"},{"taxonomy":"product_cat","embeddable":true,"href":"https:\/\/laatuvalo.fi\/en\/wp-json\/wp\/v2\/product_cat?post=7259"},{"taxonomy":"product_tag","embeddable":true,"href":"https:\/\/laatuvalo.fi\/en\/wp-json\/wp\/v2\/product_tag?post=7259"},{"taxonomy":"tarvikkeet_name","embeddable":true,"href":"https:\/\/laatuvalo.fi\/en\/wp-json\/wp\/v2\/tarvikkeet_name?post=7259"},{"taxonomy":"brand_product","embeddable":true,"href":"https:\/\/laatuvalo.fi\/en\/wp-json\/wp\/v2\/brand_product?post=7259"}],"curies":[{"name":"wp","href":"https:\/\/api.w.org\/{rel}","templated":true}]}}