{"id":7303,"date":"2021-09-15T13:53:00","date_gmt":"2021-09-15T11:53:00","guid":{"rendered":"https:\/\/laatuvalo.fi\/product\/press-4\/"},"modified":"2023-04-28T09:39:52","modified_gmt":"2023-04-28T07:39:52","slug":"press","status":"publish","type":"product","link":"https:\/\/laatuvalo.fi\/en\/product\/press\/","title":{"rendered":"PRESS"},"content":{"rendered":"<p>PRESS on ulkon\u00e4\u00f6lt\u00e4\u00e4n ep\u00e4tavallinen led lukuvalo, jonka py\u00f6re\u00e4 runko sai eritt\u00e4in hauskan modernin muodon. Runkoa painamalla kytket\u00e4\u00e4n valaisin p\u00e4\u00e4lle\/pois. PRESS on saatavilla nelj\u00e4ss\u00e4 eri v\u00e4riss\u00e4. Leikkis\u00e4n ulkon\u00e4\u00f6n ansiosta valaisin sopii loistavasti lastenhuoneen sisutukseen.<\/p>","protected":false},"excerpt":{"rendered":"<p>V\u00c4RIK\u00c4S LED LUKUVALO 3000K<\/p>","protected":false},"featured_media":20099,"template":"","meta":{"iawp_total_views":3},"product_brand":[],"product_cat":[268],"product_tag":[166],"tarvikkeet_name":[],"brand_product":[230],"class_list":{"0":"post-7303","1":"product","2":"type-product","3":"status-publish","4":"has-post-thumbnail","6":"product_cat-seinavalaisin","7":"product_tag-wall-lamp","8":"brand_product-faro-barcelona","10":"first","11":"instock","12":"taxable","13":"shipping-taxable","14":"purchasable","15":"product-type-variable"},"_links":{"self":[{"href":"https:\/\/laatuvalo.fi\/en\/wp-json\/wp\/v2\/product\/7303","targetHints":{"allow":["GET"]}}],"collection":[{"href":"https:\/\/laatuvalo.fi\/en\/wp-json\/wp\/v2\/product"}],"about":[{"href":"https:\/\/laatuvalo.fi\/en\/wp-json\/wp\/v2\/types\/product"}],"version-history":[{"count":0,"href":"https:\/\/laatuvalo.fi\/en\/wp-json\/wp\/v2\/product\/7303\/revisions"}],"wp:featuredmedia":[{"embeddable":true,"href":"https:\/\/laatuvalo.fi\/en\/wp-json\/wp\/v2\/media\/20099"}],"wp:attachment":[{"href":"https:\/\/laatuvalo.fi\/en\/wp-json\/wp\/v2\/media?parent=7303"}],"wp:term":[{"taxonomy":"product_brand","embeddable":true,"href":"https:\/\/laatuvalo.fi\/en\/wp-json\/wp\/v2\/product_brand?post=7303"},{"taxonomy":"product_cat","embeddable":true,"href":"https:\/\/laatuvalo.fi\/en\/wp-json\/wp\/v2\/product_cat?post=7303"},{"taxonomy":"product_tag","embeddable":true,"href":"https:\/\/laatuvalo.fi\/en\/wp-json\/wp\/v2\/product_tag?post=7303"},{"taxonomy":"tarvikkeet_name","embeddable":true,"href":"https:\/\/laatuvalo.fi\/en\/wp-json\/wp\/v2\/tarvikkeet_name?post=7303"},{"taxonomy":"brand_product","embeddable":true,"href":"https:\/\/laatuvalo.fi\/en\/wp-json\/wp\/v2\/brand_product?post=7303"}],"curies":[{"name":"wp","href":"https:\/\/api.w.org\/{rel}","templated":true}]}}