{"id":7307,"date":"2021-09-15T13:53:03","date_gmt":"2021-09-15T11:53:03","guid":{"rendered":"https:\/\/laatuvalo.fi\/product\/pure-2\/"},"modified":"2023-04-28T09:44:51","modified_gmt":"2023-04-28T07:44:51","slug":"pure","status":"publish","type":"product","link":"https:\/\/laatuvalo.fi\/en\/product\/pure\/","title":{"rendered":"PURE"},"content":{"rendered":"<p>PURE on yksinkertaisesti mutta tyylikk\u00e4\u00e4sti muotoiltu LED-sein\u00e4valaisin. T\u00e4m\u00e4 moderni valaisin erottuu muista erinomaisella toimivuudellaan, sit\u00e4 voidaan k\u00e4ytt\u00e4\u00e4 lukuvalona makuuhuoneessa tai apuvalona muissa tiloissa, miss\u00e4 pehme\u00e4\u00e4 hajavaloa tarvitaan. Pitk\u00e4ll\u00e4 varrella varustettu sein\u00e4valaisin sopii loistavasti my\u00f6s k\u00e4yt\u00e4vien valaistukseen tai peilin viereen.<\/p>","protected":false},"excerpt":{"rendered":"<p>sein\u00e4valaisin led tekniikalla 3000K<\/p>","protected":false},"featured_media":20112,"template":"","meta":{"iawp_total_views":8},"product_brand":[],"product_cat":[268],"product_tag":[166],"tarvikkeet_name":[],"brand_product":[230],"class_list":{"0":"post-7307","1":"product","2":"type-product","3":"status-publish","4":"has-post-thumbnail","6":"product_cat-seinavalaisin","7":"product_tag-wall-lamp","8":"brand_product-faro-barcelona","10":"first","11":"instock","12":"taxable","13":"shipping-taxable","14":"purchasable","15":"product-type-variable"},"_links":{"self":[{"href":"https:\/\/laatuvalo.fi\/en\/wp-json\/wp\/v2\/product\/7307","targetHints":{"allow":["GET"]}}],"collection":[{"href":"https:\/\/laatuvalo.fi\/en\/wp-json\/wp\/v2\/product"}],"about":[{"href":"https:\/\/laatuvalo.fi\/en\/wp-json\/wp\/v2\/types\/product"}],"version-history":[{"count":0,"href":"https:\/\/laatuvalo.fi\/en\/wp-json\/wp\/v2\/product\/7307\/revisions"}],"wp:featuredmedia":[{"embeddable":true,"href":"https:\/\/laatuvalo.fi\/en\/wp-json\/wp\/v2\/media\/20112"}],"wp:attachment":[{"href":"https:\/\/laatuvalo.fi\/en\/wp-json\/wp\/v2\/media?parent=7307"}],"wp:term":[{"taxonomy":"product_brand","embeddable":true,"href":"https:\/\/laatuvalo.fi\/en\/wp-json\/wp\/v2\/product_brand?post=7307"},{"taxonomy":"product_cat","embeddable":true,"href":"https:\/\/laatuvalo.fi\/en\/wp-json\/wp\/v2\/product_cat?post=7307"},{"taxonomy":"product_tag","embeddable":true,"href":"https:\/\/laatuvalo.fi\/en\/wp-json\/wp\/v2\/product_tag?post=7307"},{"taxonomy":"tarvikkeet_name","embeddable":true,"href":"https:\/\/laatuvalo.fi\/en\/wp-json\/wp\/v2\/tarvikkeet_name?post=7307"},{"taxonomy":"brand_product","embeddable":true,"href":"https:\/\/laatuvalo.fi\/en\/wp-json\/wp\/v2\/brand_product?post=7307"}],"curies":[{"name":"wp","href":"https:\/\/api.w.org\/{rel}","templated":true}]}}