{"id":7312,"date":"2021-09-15T13:53:04","date_gmt":"2021-09-15T11:53:04","guid":{"rendered":"https:\/\/laatuvalo.fi\/product\/radn-3\/"},"modified":"2023-04-28T09:54:17","modified_gmt":"2023-04-28T07:54:17","slug":"radon-round","status":"publish","type":"product","link":"https:\/\/laatuvalo.fi\/en\/product\/radon-round\/","title":{"rendered":"RAD\u00d3N ROUND"},"content":{"rendered":"<p>Alumiinista valmistettu py\u00f6re\u00e4 upotettava kattovalaisin, saatavilla my\u00f6s valkoisena. Valonl\u00e4hteen\u00e4 toimi GU10 polttimo: max 8W (ei sis. hintaan). T\u00e4m\u00e4 suunnattava upotettu alasvalo sopii t\u00e4ydellisesti talon eri tiloihin, esim. olohuoneeseen tai keitti\u00f6\u00f6n sek\u00e4 jokaiseen sisustustyyliin. Tutustu my\u00f6s neliskanttiseen RADON RCT malliin jossa on kaksi valonl\u00e4hdett\u00e4.<\/p>","protected":false},"excerpt":{"rendered":"<p>suunnattava 30<b>\u00b0<\/b> upotettava alasvalo vaihtopolttimolla<\/p>","protected":false},"featured_media":20137,"template":"","meta":{"iawp_total_views":0},"product_brand":[],"product_cat":[256,267],"product_tag":[165],"tarvikkeet_name":[],"brand_product":[230],"class_list":{"0":"post-7312","1":"product","2":"type-product","3":"status-publish","4":"has-post-thumbnail","6":"product_cat-kattovalaisin","7":"product_cat-upotettava-valaisin","8":"product_tag-recessed","9":"brand_product-faro-barcelona","11":"first","12":"instock","13":"taxable","14":"shipping-taxable","15":"purchasable","16":"product-type-variable"},"_links":{"self":[{"href":"https:\/\/laatuvalo.fi\/en\/wp-json\/wp\/v2\/product\/7312","targetHints":{"allow":["GET"]}}],"collection":[{"href":"https:\/\/laatuvalo.fi\/en\/wp-json\/wp\/v2\/product"}],"about":[{"href":"https:\/\/laatuvalo.fi\/en\/wp-json\/wp\/v2\/types\/product"}],"version-history":[{"count":0,"href":"https:\/\/laatuvalo.fi\/en\/wp-json\/wp\/v2\/product\/7312\/revisions"}],"wp:featuredmedia":[{"embeddable":true,"href":"https:\/\/laatuvalo.fi\/en\/wp-json\/wp\/v2\/media\/20137"}],"wp:attachment":[{"href":"https:\/\/laatuvalo.fi\/en\/wp-json\/wp\/v2\/media?parent=7312"}],"wp:term":[{"taxonomy":"product_brand","embeddable":true,"href":"https:\/\/laatuvalo.fi\/en\/wp-json\/wp\/v2\/product_brand?post=7312"},{"taxonomy":"product_cat","embeddable":true,"href":"https:\/\/laatuvalo.fi\/en\/wp-json\/wp\/v2\/product_cat?post=7312"},{"taxonomy":"product_tag","embeddable":true,"href":"https:\/\/laatuvalo.fi\/en\/wp-json\/wp\/v2\/product_tag?post=7312"},{"taxonomy":"tarvikkeet_name","embeddable":true,"href":"https:\/\/laatuvalo.fi\/en\/wp-json\/wp\/v2\/tarvikkeet_name?post=7312"},{"taxonomy":"brand_product","embeddable":true,"href":"https:\/\/laatuvalo.fi\/en\/wp-json\/wp\/v2\/brand_product?post=7312"}],"curies":[{"name":"wp","href":"https:\/\/api.w.org\/{rel}","templated":true}]}}