{"id":7314,"date":"2021-09-15T13:53:04","date_gmt":"2021-09-15T11:53:04","guid":{"rendered":"https:\/\/laatuvalo.fi\/product\/radn-5\/"},"modified":"2023-04-28T09:54:49","modified_gmt":"2023-04-28T07:54:49","slug":"radon-rct","status":"publish","type":"product","link":"https:\/\/laatuvalo.fi\/en\/product\/radon-rct\/","title":{"rendered":"RAD\u00d3N RCT"},"content":{"rendered":"<p>Alumiinista valmistettu neliskanttinen upotettava kattovalaisin, saatavana my\u00f6s valkoisena. Valonl\u00e4hteen\u00e4 polttimo: 2xGU10 max 8W (ei sis. hintaan). T\u00e4m\u00e4 suunnattava upotettu alasvalo sopii t\u00e4ydellisesti talon eri tiloihin, esim. olohuoneeseen tai keitti\u00f6\u00f6n sek\u00e4 jokaiseen sisustustyyliin. Tutustu my\u00f6s yksiosaiseen malliin.<\/p>","protected":false},"excerpt":{"rendered":"<p>suunnattava 30<b>\u00b0<\/b> upotettava alasvalo vaitopolttimolla<\/p>","protected":false},"featured_media":20128,"template":"","meta":{"iawp_total_views":8},"product_brand":[],"product_cat":[256,267],"product_tag":[165],"tarvikkeet_name":[],"brand_product":[230],"class_list":{"0":"post-7314","1":"product","2":"type-product","3":"status-publish","4":"has-post-thumbnail","6":"product_cat-kattovalaisin","7":"product_cat-upotettava-valaisin","8":"product_tag-recessed","9":"brand_product-faro-barcelona","11":"first","12":"instock","13":"taxable","14":"shipping-taxable","15":"purchasable","16":"product-type-variable"},"_links":{"self":[{"href":"https:\/\/laatuvalo.fi\/en\/wp-json\/wp\/v2\/product\/7314","targetHints":{"allow":["GET"]}}],"collection":[{"href":"https:\/\/laatuvalo.fi\/en\/wp-json\/wp\/v2\/product"}],"about":[{"href":"https:\/\/laatuvalo.fi\/en\/wp-json\/wp\/v2\/types\/product"}],"version-history":[{"count":0,"href":"https:\/\/laatuvalo.fi\/en\/wp-json\/wp\/v2\/product\/7314\/revisions"}],"wp:featuredmedia":[{"embeddable":true,"href":"https:\/\/laatuvalo.fi\/en\/wp-json\/wp\/v2\/media\/20128"}],"wp:attachment":[{"href":"https:\/\/laatuvalo.fi\/en\/wp-json\/wp\/v2\/media?parent=7314"}],"wp:term":[{"taxonomy":"product_brand","embeddable":true,"href":"https:\/\/laatuvalo.fi\/en\/wp-json\/wp\/v2\/product_brand?post=7314"},{"taxonomy":"product_cat","embeddable":true,"href":"https:\/\/laatuvalo.fi\/en\/wp-json\/wp\/v2\/product_cat?post=7314"},{"taxonomy":"product_tag","embeddable":true,"href":"https:\/\/laatuvalo.fi\/en\/wp-json\/wp\/v2\/product_tag?post=7314"},{"taxonomy":"tarvikkeet_name","embeddable":true,"href":"https:\/\/laatuvalo.fi\/en\/wp-json\/wp\/v2\/tarvikkeet_name?post=7314"},{"taxonomy":"brand_product","embeddable":true,"href":"https:\/\/laatuvalo.fi\/en\/wp-json\/wp\/v2\/brand_product?post=7314"}],"curies":[{"name":"wp","href":"https:\/\/api.w.org\/{rel}","templated":true}]}}