{"id":7396,"date":"2021-09-15T13:59:48","date_gmt":"2021-09-15T11:59:48","guid":{"rendered":"https:\/\/laatuvalo.fi\/product\/rose-2\/"},"modified":"2023-04-28T10:52:20","modified_gmt":"2023-04-28T08:52:20","slug":"rose-1","status":"publish","type":"product","link":"https:\/\/laatuvalo.fi\/en\/product\/rose-1\/","title":{"rendered":"ROSE 1L"},"content":{"rendered":"<p>Retrotyylinen riippuvalaisin. Valmistettu ter\u00e4ksest\u00e4 ja lasista, t\u00e4ydellinen ruokahuoneen tai ravintolan valaistukseen. ROSE tuo hieman vanhanaikaista henke\u00e4 mutta klassista ja arvokasta ilmett\u00e4 ymp\u00e4rist\u00f6\u00f6n. Tutustu my\u00f6s ROSE 4L nelj\u00e4ll\u00e4 polttimolla (polttimot ei sis. hintaan).<\/p>","protected":false},"excerpt":{"rendered":"<p>RETRO RIIPPUVALAISIN VAIHTOPOLTTIMOLLA<\/p>","protected":false},"featured_media":20143,"template":"","meta":{"iawp_total_views":3},"product_brand":[],"product_cat":[253],"product_tag":[168],"tarvikkeet_name":[],"brand_product":[230],"class_list":{"0":"post-7396","1":"product","2":"type-product","3":"status-publish","4":"has-post-thumbnail","6":"product_cat-riippuvalaisin","7":"product_tag-pendant","8":"brand_product-faro-barcelona","10":"first","11":"instock","12":"taxable","13":"shipping-taxable","14":"purchasable","15":"product-type-simple"},"_links":{"self":[{"href":"https:\/\/laatuvalo.fi\/en\/wp-json\/wp\/v2\/product\/7396","targetHints":{"allow":["GET"]}}],"collection":[{"href":"https:\/\/laatuvalo.fi\/en\/wp-json\/wp\/v2\/product"}],"about":[{"href":"https:\/\/laatuvalo.fi\/en\/wp-json\/wp\/v2\/types\/product"}],"version-history":[{"count":0,"href":"https:\/\/laatuvalo.fi\/en\/wp-json\/wp\/v2\/product\/7396\/revisions"}],"wp:featuredmedia":[{"embeddable":true,"href":"https:\/\/laatuvalo.fi\/en\/wp-json\/wp\/v2\/media\/20143"}],"wp:attachment":[{"href":"https:\/\/laatuvalo.fi\/en\/wp-json\/wp\/v2\/media?parent=7396"}],"wp:term":[{"taxonomy":"product_brand","embeddable":true,"href":"https:\/\/laatuvalo.fi\/en\/wp-json\/wp\/v2\/product_brand?post=7396"},{"taxonomy":"product_cat","embeddable":true,"href":"https:\/\/laatuvalo.fi\/en\/wp-json\/wp\/v2\/product_cat?post=7396"},{"taxonomy":"product_tag","embeddable":true,"href":"https:\/\/laatuvalo.fi\/en\/wp-json\/wp\/v2\/product_tag?post=7396"},{"taxonomy":"tarvikkeet_name","embeddable":true,"href":"https:\/\/laatuvalo.fi\/en\/wp-json\/wp\/v2\/tarvikkeet_name?post=7396"},{"taxonomy":"brand_product","embeddable":true,"href":"https:\/\/laatuvalo.fi\/en\/wp-json\/wp\/v2\/brand_product?post=7396"}],"curies":[{"name":"wp","href":"https:\/\/api.w.org\/{rel}","templated":true}]}}