{"id":7623,"date":"2021-09-15T14:00:29","date_gmt":"2021-09-15T12:00:29","guid":{"rendered":"https:\/\/laatuvalo.fi\/product\/sabi-2\/"},"modified":"2023-04-28T11:01:45","modified_gmt":"2023-04-28T09:01:45","slug":"sabi","status":"publish","type":"product","link":"https:\/\/laatuvalo.fi\/en\/product\/sabi\/","title":{"rendered":"SABI"},"content":{"rendered":"<p>Minimalistinen ja siro riippuvalaisin saatavana mustana tai valkoisena, sopii t\u00e4ydellisesti sek\u00e4 ruokailuhuoneisiin ett\u00e4 ravintoloihin. Integroitu valonl\u00e4hde on 2700K.<\/p>","protected":false},"excerpt":{"rendered":"<p>LED RIIPPUVALAISIN 2700K, VALOKEILA 30\u00b0<\/p>","protected":false},"featured_media":10575,"template":"","meta":{"iawp_total_views":9},"product_brand":[],"product_cat":[253],"product_tag":[168],"tarvikkeet_name":[],"brand_product":[230],"class_list":{"0":"post-7623","1":"product","2":"type-product","3":"status-publish","4":"has-post-thumbnail","6":"product_cat-riippuvalaisin","7":"product_tag-pendant","8":"brand_product-faro-barcelona","10":"first","11":"instock","12":"taxable","13":"shipping-taxable","14":"purchasable","15":"product-type-variable"},"_links":{"self":[{"href":"https:\/\/laatuvalo.fi\/en\/wp-json\/wp\/v2\/product\/7623","targetHints":{"allow":["GET"]}}],"collection":[{"href":"https:\/\/laatuvalo.fi\/en\/wp-json\/wp\/v2\/product"}],"about":[{"href":"https:\/\/laatuvalo.fi\/en\/wp-json\/wp\/v2\/types\/product"}],"version-history":[{"count":0,"href":"https:\/\/laatuvalo.fi\/en\/wp-json\/wp\/v2\/product\/7623\/revisions"}],"wp:featuredmedia":[{"embeddable":true,"href":"https:\/\/laatuvalo.fi\/en\/wp-json\/wp\/v2\/media\/10575"}],"wp:attachment":[{"href":"https:\/\/laatuvalo.fi\/en\/wp-json\/wp\/v2\/media?parent=7623"}],"wp:term":[{"taxonomy":"product_brand","embeddable":true,"href":"https:\/\/laatuvalo.fi\/en\/wp-json\/wp\/v2\/product_brand?post=7623"},{"taxonomy":"product_cat","embeddable":true,"href":"https:\/\/laatuvalo.fi\/en\/wp-json\/wp\/v2\/product_cat?post=7623"},{"taxonomy":"product_tag","embeddable":true,"href":"https:\/\/laatuvalo.fi\/en\/wp-json\/wp\/v2\/product_tag?post=7623"},{"taxonomy":"tarvikkeet_name","embeddable":true,"href":"https:\/\/laatuvalo.fi\/en\/wp-json\/wp\/v2\/tarvikkeet_name?post=7623"},{"taxonomy":"brand_product","embeddable":true,"href":"https:\/\/laatuvalo.fi\/en\/wp-json\/wp\/v2\/brand_product?post=7623"}],"curies":[{"name":"wp","href":"https:\/\/api.w.org\/{rel}","templated":true}]}}