{"id":7647,"date":"2021-09-15T14:00:33","date_gmt":"2021-09-15T12:00:33","guid":{"rendered":"https:\/\/laatuvalo.fi\/product\/saigon-21\/"},"modified":"2023-04-28T11:37:00","modified_gmt":"2023-04-28T09:37:00","slug":"saigon-in","status":"publish","type":"product","link":"https:\/\/laatuvalo.fi\/en\/product\/saigon-in\/","title":{"rendered":"SAIGON IN"},"content":{"rendered":"<p>SAIGON IN on sarja designvalaisimia sis\u00e4valaistukseen. Tekstiilinauhoista tehty varjostin ja papyrusheijastimella varustettu valaisin on saanut inspiraationsa it\u00e4m\u00e4isest\u00e4 kulttuurista (materiaalien ja muodon valinnan puolesta). Sarjaan kuuluu kaksi eri kokoista mallia: iso SAIGON \u00d8 130cm ja pienempi SAIGON \u00d8 70 cm. Europassa valmistettu valaisin on saatavilla eri v\u00e4reiss\u00e4, jokainen v\u00e4ri tuo l\u00e4mpim\u00e4n aurinkoisen hengen sek\u00e4 kotiin ett\u00e4 hotelliin tai ravintolaan. Valonl\u00e4hteen\u00e4 toimi vaihtopolttimo E 27 max 15W (ei sis. hintaan). Valaisin tarjoaa sek\u00e4 koristeellista ett\u00e4 toiminnallista valaistusta. Tutustu my\u00f6s muihin valaisimiin sarjasta SAIGON OUT ulkovalaistukseen.<\/p>","protected":false},"excerpt":{"rendered":"<p>sarja it\u00e4maistyylisi\u00e4 valaisimia tekstiilinauhoista papyrusheijastimella.<br \/>\nSaatavilla kahdessa eri koossa ja monta eri v\u00e4ri\u00e4.<\/p>","protected":false},"featured_media":20263,"template":"","meta":{"iawp_total_views":7},"product_brand":[],"product_cat":[253],"product_tag":[168],"tarvikkeet_name":[],"brand_product":[230],"class_list":{"0":"post-7647","1":"product","2":"type-product","3":"status-publish","4":"has-post-thumbnail","6":"product_cat-riippuvalaisin","7":"product_tag-pendant","8":"brand_product-faro-barcelona","10":"first","11":"instock","12":"taxable","13":"shipping-taxable","14":"purchasable","15":"product-type-variable"},"_links":{"self":[{"href":"https:\/\/laatuvalo.fi\/en\/wp-json\/wp\/v2\/product\/7647","targetHints":{"allow":["GET"]}}],"collection":[{"href":"https:\/\/laatuvalo.fi\/en\/wp-json\/wp\/v2\/product"}],"about":[{"href":"https:\/\/laatuvalo.fi\/en\/wp-json\/wp\/v2\/types\/product"}],"version-history":[{"count":0,"href":"https:\/\/laatuvalo.fi\/en\/wp-json\/wp\/v2\/product\/7647\/revisions"}],"wp:featuredmedia":[{"embeddable":true,"href":"https:\/\/laatuvalo.fi\/en\/wp-json\/wp\/v2\/media\/20263"}],"wp:attachment":[{"href":"https:\/\/laatuvalo.fi\/en\/wp-json\/wp\/v2\/media?parent=7647"}],"wp:term":[{"taxonomy":"product_brand","embeddable":true,"href":"https:\/\/laatuvalo.fi\/en\/wp-json\/wp\/v2\/product_brand?post=7647"},{"taxonomy":"product_cat","embeddable":true,"href":"https:\/\/laatuvalo.fi\/en\/wp-json\/wp\/v2\/product_cat?post=7647"},{"taxonomy":"product_tag","embeddable":true,"href":"https:\/\/laatuvalo.fi\/en\/wp-json\/wp\/v2\/product_tag?post=7647"},{"taxonomy":"tarvikkeet_name","embeddable":true,"href":"https:\/\/laatuvalo.fi\/en\/wp-json\/wp\/v2\/tarvikkeet_name?post=7647"},{"taxonomy":"brand_product","embeddable":true,"href":"https:\/\/laatuvalo.fi\/en\/wp-json\/wp\/v2\/brand_product?post=7647"}],"curies":[{"name":"wp","href":"https:\/\/api.w.org\/{rel}","templated":true}]}}