{"id":7767,"date":"2021-09-15T14:02:02","date_gmt":"2021-09-15T12:02:02","guid":{"rendered":"https:\/\/laatuvalo.fi\/product\/savoy-16\/"},"modified":"2023-04-28T13:44:01","modified_gmt":"2023-04-28T11:44:01","slug":"savoy-riippuvalaisin","status":"publish","type":"product","link":"https:\/\/laatuvalo.fi\/en\/product\/savoy-riippuvalaisin\/","title":{"rendered":"SAVOY PENDANT LAMP"},"content":{"rendered":"<p>SAVOY on sarja valaisimia sis\u00e4valaistukseen. Savoyn klassinen ja minimalistinen muotoilu sopii loistavasti sek\u00e4 kodin sisustukseen ett\u00e4 ravintoloihin. Valaisimessa on tekstiilivarjostin, valitse sopivin kolmesta eri v\u00e4rist\u00e4, valonl\u00e4hteen\u00e4 toimii vaihtopolttimo. Tutustu my\u00f6s p\u00f6yt\u00e4- ja sein\u00e4valaisimiin samasta sarjasta.<\/p>","protected":false},"excerpt":{"rendered":"<p>KLASSINEN RIIPPUVALAISIN VAIHTOPOLTTIMOLLA<\/p>","protected":false},"featured_media":20293,"template":"","meta":{"iawp_total_views":1},"product_brand":[],"product_cat":[253],"product_tag":[168],"tarvikkeet_name":[],"brand_product":[230],"class_list":{"0":"post-7767","1":"product","2":"type-product","3":"status-publish","4":"has-post-thumbnail","6":"product_cat-riippuvalaisin","7":"product_tag-pendant","8":"brand_product-faro-barcelona","10":"first","11":"instock","12":"taxable","13":"shipping-taxable","14":"purchasable","15":"product-type-variable"},"_links":{"self":[{"href":"https:\/\/laatuvalo.fi\/en\/wp-json\/wp\/v2\/product\/7767","targetHints":{"allow":["GET"]}}],"collection":[{"href":"https:\/\/laatuvalo.fi\/en\/wp-json\/wp\/v2\/product"}],"about":[{"href":"https:\/\/laatuvalo.fi\/en\/wp-json\/wp\/v2\/types\/product"}],"version-history":[{"count":0,"href":"https:\/\/laatuvalo.fi\/en\/wp-json\/wp\/v2\/product\/7767\/revisions"}],"wp:featuredmedia":[{"embeddable":true,"href":"https:\/\/laatuvalo.fi\/en\/wp-json\/wp\/v2\/media\/20293"}],"wp:attachment":[{"href":"https:\/\/laatuvalo.fi\/en\/wp-json\/wp\/v2\/media?parent=7767"}],"wp:term":[{"taxonomy":"product_brand","embeddable":true,"href":"https:\/\/laatuvalo.fi\/en\/wp-json\/wp\/v2\/product_brand?post=7767"},{"taxonomy":"product_cat","embeddable":true,"href":"https:\/\/laatuvalo.fi\/en\/wp-json\/wp\/v2\/product_cat?post=7767"},{"taxonomy":"product_tag","embeddable":true,"href":"https:\/\/laatuvalo.fi\/en\/wp-json\/wp\/v2\/product_tag?post=7767"},{"taxonomy":"tarvikkeet_name","embeddable":true,"href":"https:\/\/laatuvalo.fi\/en\/wp-json\/wp\/v2\/tarvikkeet_name?post=7767"},{"taxonomy":"brand_product","embeddable":true,"href":"https:\/\/laatuvalo.fi\/en\/wp-json\/wp\/v2\/brand_product?post=7767"}],"curies":[{"name":"wp","href":"https:\/\/api.w.org\/{rel}","templated":true}]}}