{"id":7825,"date":"2021-09-15T14:02:12","date_gmt":"2021-09-15T12:02:12","guid":{"rendered":"https:\/\/laatuvalo.fi\/product\/side-16\/"},"modified":"2023-04-28T13:46:17","modified_gmt":"2023-04-28T11:46:17","slug":"side","status":"publish","type":"product","link":"https:\/\/laatuvalo.fi\/en\/product\/side\/","title":{"rendered":"SIDE"},"content":{"rendered":"<p>SIDE on saatavana eri v\u00e4reiss\u00e4 ja koossa. Ulko- ja sis\u00e4pinnan viimeistely on toteutettu eri v\u00e4riss\u00e4. T\u00e4m\u00e4 pintaan asennettava plafondi voidaan asentaa joko kattoon tai sein\u00e4lle. SIDE valaisee ymp\u00e4rist\u00f6ns\u00e4 tasaisesti ja sopii t\u00e4ydellisesti kodin tai hotellin sis\u00e4valaistukseen.<\/p>","protected":false},"excerpt":{"rendered":"<p>KATTOVALAISIN VAIHTOPOLTTIMOLLA,<br \/>\nplafondi voidaan asentaa joko kattoon tai sein\u00e4lle<\/p>","protected":false},"featured_media":20383,"template":"","meta":{"iawp_total_views":27},"product_brand":[],"product_cat":[256,268],"product_tag":[169],"tarvikkeet_name":[],"brand_product":[230],"class_list":{"0":"post-7825","1":"product","2":"type-product","3":"status-publish","4":"has-post-thumbnail","6":"product_cat-kattovalaisin","7":"product_cat-seinavalaisin","8":"product_tag-ceiling","9":"brand_product-faro-barcelona","11":"first","12":"instock","13":"taxable","14":"shipping-taxable","15":"purchasable","16":"product-type-variable"},"_links":{"self":[{"href":"https:\/\/laatuvalo.fi\/en\/wp-json\/wp\/v2\/product\/7825","targetHints":{"allow":["GET"]}}],"collection":[{"href":"https:\/\/laatuvalo.fi\/en\/wp-json\/wp\/v2\/product"}],"about":[{"href":"https:\/\/laatuvalo.fi\/en\/wp-json\/wp\/v2\/types\/product"}],"version-history":[{"count":0,"href":"https:\/\/laatuvalo.fi\/en\/wp-json\/wp\/v2\/product\/7825\/revisions"}],"wp:featuredmedia":[{"embeddable":true,"href":"https:\/\/laatuvalo.fi\/en\/wp-json\/wp\/v2\/media\/20383"}],"wp:attachment":[{"href":"https:\/\/laatuvalo.fi\/en\/wp-json\/wp\/v2\/media?parent=7825"}],"wp:term":[{"taxonomy":"product_brand","embeddable":true,"href":"https:\/\/laatuvalo.fi\/en\/wp-json\/wp\/v2\/product_brand?post=7825"},{"taxonomy":"product_cat","embeddable":true,"href":"https:\/\/laatuvalo.fi\/en\/wp-json\/wp\/v2\/product_cat?post=7825"},{"taxonomy":"product_tag","embeddable":true,"href":"https:\/\/laatuvalo.fi\/en\/wp-json\/wp\/v2\/product_tag?post=7825"},{"taxonomy":"tarvikkeet_name","embeddable":true,"href":"https:\/\/laatuvalo.fi\/en\/wp-json\/wp\/v2\/tarvikkeet_name?post=7825"},{"taxonomy":"brand_product","embeddable":true,"href":"https:\/\/laatuvalo.fi\/en\/wp-json\/wp\/v2\/brand_product?post=7825"}],"curies":[{"name":"wp","href":"https:\/\/api.w.org\/{rel}","templated":true}]}}