{"id":7827,"date":"2021-09-15T14:02:12","date_gmt":"2021-09-15T12:02:12","guid":{"rendered":"https:\/\/laatuvalo.fi\/product\/slim\/"},"modified":"2023-05-02T08:38:47","modified_gmt":"2023-05-02T06:38:47","slug":"slim-double","status":"publish","type":"product","link":"https:\/\/laatuvalo.fi\/en\/product\/slim-double\/","title":{"rendered":"SLIM DOUBLE"},"content":{"rendered":"<p>FARO SLIM DOUBLE Tyylik\u00e4s minimalistinen led riippuvalaisin kahdella varjostimella sek\u00e4 joustavalla varrella, jonka avulla tarpeen mukaan valaisin voidaan suunnata sinne miss\u00e4 valoa eniten tarvitaan. Valkoinen SLIM DOUBLE on t\u00e4ydellinen koristevalaistukseen kotiisi. Valitsemalla sein\u00e4lle SLIM WALL samasta sarjasta voit luoda kauniin yhteensopivan kokoelman sis\u00e4valaistukseen.<\/p>","protected":false},"excerpt":{"rendered":"<p>led- riippuvalaisin kahdella valonl\u00e4hteell\u00e4<\/p>","protected":false},"featured_media":20392,"template":"","meta":{"iawp_total_views":2},"product_brand":[],"product_cat":[253],"product_tag":[168],"tarvikkeet_name":[],"brand_product":[230],"class_list":{"0":"post-7827","1":"product","2":"type-product","3":"status-publish","4":"has-post-thumbnail","6":"product_cat-riippuvalaisin","7":"product_tag-pendant","8":"brand_product-faro-barcelona","10":"first","11":"instock","12":"taxable","13":"shipping-taxable","14":"purchasable","15":"product-type-simple"},"_links":{"self":[{"href":"https:\/\/laatuvalo.fi\/en\/wp-json\/wp\/v2\/product\/7827","targetHints":{"allow":["GET"]}}],"collection":[{"href":"https:\/\/laatuvalo.fi\/en\/wp-json\/wp\/v2\/product"}],"about":[{"href":"https:\/\/laatuvalo.fi\/en\/wp-json\/wp\/v2\/types\/product"}],"version-history":[{"count":0,"href":"https:\/\/laatuvalo.fi\/en\/wp-json\/wp\/v2\/product\/7827\/revisions"}],"wp:featuredmedia":[{"embeddable":true,"href":"https:\/\/laatuvalo.fi\/en\/wp-json\/wp\/v2\/media\/20392"}],"wp:attachment":[{"href":"https:\/\/laatuvalo.fi\/en\/wp-json\/wp\/v2\/media?parent=7827"}],"wp:term":[{"taxonomy":"product_brand","embeddable":true,"href":"https:\/\/laatuvalo.fi\/en\/wp-json\/wp\/v2\/product_brand?post=7827"},{"taxonomy":"product_cat","embeddable":true,"href":"https:\/\/laatuvalo.fi\/en\/wp-json\/wp\/v2\/product_cat?post=7827"},{"taxonomy":"product_tag","embeddable":true,"href":"https:\/\/laatuvalo.fi\/en\/wp-json\/wp\/v2\/product_tag?post=7827"},{"taxonomy":"tarvikkeet_name","embeddable":true,"href":"https:\/\/laatuvalo.fi\/en\/wp-json\/wp\/v2\/tarvikkeet_name?post=7827"},{"taxonomy":"brand_product","embeddable":true,"href":"https:\/\/laatuvalo.fi\/en\/wp-json\/wp\/v2\/brand_product?post=7827"}],"curies":[{"name":"wp","href":"https:\/\/api.w.org\/{rel}","templated":true}]}}