{"id":7865,"date":"2021-09-15T14:02:17","date_gmt":"2021-09-15T12:02:17","guid":{"rendered":"https:\/\/laatuvalo.fi\/product\/stan-7\/"},"modified":"2023-05-02T09:37:17","modified_gmt":"2023-05-02T07:37:17","slug":"stan-riippuvalaisin","status":"publish","type":"product","link":"https:\/\/laatuvalo.fi\/en\/product\/stan-riippuvalaisin\/","title":{"rendered":"STAN PENDANT LUMINAIRE"},"content":{"rendered":"<p>Alumiinista valmistettu minimalistinen riippuvalaisin, saatavilla my\u00f6s valkoisena tai mustana. Valonl\u00e4hteen\u00e4 toimii GU10 max 8W polttimo (ei sis. hintaan). T\u00e4m\u00e4 tyylik\u00e4s valaisin sopii t\u00e4ydellisesti eri tilojen valaistukseen, kuten olohuoneeseen, eteiseen tai keitti\u00f6\u00f6n. Ajaton ja toimiva ratkaisu jokaiseen kotiin tai toimistoon. Tutustu koko STAN sarjaan: sein\u00e4- ja kattomalleihin tai upotettuun versioon.<\/p>","protected":false},"excerpt":{"rendered":"<p>STAN RIIPPUVALAISIN VAIHTOPOLTTIMOLLA<\/p>","protected":false},"featured_media":20429,"template":"","meta":{"iawp_total_views":6},"product_brand":[],"product_cat":[253],"product_tag":[168],"tarvikkeet_name":[],"brand_product":[230],"class_list":{"0":"post-7865","1":"product","2":"type-product","3":"status-publish","4":"has-post-thumbnail","6":"product_cat-riippuvalaisin","7":"product_tag-pendant","8":"brand_product-faro-barcelona","10":"first","11":"instock","12":"taxable","13":"shipping-taxable","14":"purchasable","15":"product-type-variable"},"_links":{"self":[{"href":"https:\/\/laatuvalo.fi\/en\/wp-json\/wp\/v2\/product\/7865","targetHints":{"allow":["GET"]}}],"collection":[{"href":"https:\/\/laatuvalo.fi\/en\/wp-json\/wp\/v2\/product"}],"about":[{"href":"https:\/\/laatuvalo.fi\/en\/wp-json\/wp\/v2\/types\/product"}],"version-history":[{"count":0,"href":"https:\/\/laatuvalo.fi\/en\/wp-json\/wp\/v2\/product\/7865\/revisions"}],"wp:featuredmedia":[{"embeddable":true,"href":"https:\/\/laatuvalo.fi\/en\/wp-json\/wp\/v2\/media\/20429"}],"wp:attachment":[{"href":"https:\/\/laatuvalo.fi\/en\/wp-json\/wp\/v2\/media?parent=7865"}],"wp:term":[{"taxonomy":"product_brand","embeddable":true,"href":"https:\/\/laatuvalo.fi\/en\/wp-json\/wp\/v2\/product_brand?post=7865"},{"taxonomy":"product_cat","embeddable":true,"href":"https:\/\/laatuvalo.fi\/en\/wp-json\/wp\/v2\/product_cat?post=7865"},{"taxonomy":"product_tag","embeddable":true,"href":"https:\/\/laatuvalo.fi\/en\/wp-json\/wp\/v2\/product_tag?post=7865"},{"taxonomy":"tarvikkeet_name","embeddable":true,"href":"https:\/\/laatuvalo.fi\/en\/wp-json\/wp\/v2\/tarvikkeet_name?post=7865"},{"taxonomy":"brand_product","embeddable":true,"href":"https:\/\/laatuvalo.fi\/en\/wp-json\/wp\/v2\/brand_product?post=7865"}],"curies":[{"name":"wp","href":"https:\/\/api.w.org\/{rel}","templated":true}]}}