{"id":7870,"date":"2021-09-15T14:02:18","date_gmt":"2021-09-15T12:02:18","guid":{"rendered":"https:\/\/laatuvalo.fi\/product\/stan-12\/"},"modified":"2023-05-02T09:44:32","modified_gmt":"2023-05-02T07:44:32","slug":"stan-led-projector","status":"publish","type":"product","link":"https:\/\/laatuvalo.fi\/en\/product\/stan-led-projector\/","title":{"rendered":"STAN LED PROJECTOR"},"content":{"rendered":"<p>Alumiinista valmistettu minimalistinen sein\u00e4valaisin LED- tekniikalla. T\u00e4m\u00e4 tyylik\u00e4s valaisin sopii t\u00e4ydellisesti eri tilojen valaistukseen, kuten olohuoneeseen, eteiseen tai keitti\u00f6\u00f6n. Ajaton ja toimiva ratkaisu jokaiseen kotiin tai toimistoon. Tutustu koko STAN sarjaan: kiskoon sopivaan malliin, sein\u00e4- ja kattomalleihin tai upotettuun versioon.<\/p>","protected":false},"excerpt":{"rendered":"<p>MINIMALISTINEN SEIN\u00c4VALAISIN LED-TEKNIIKALLA 2700K<\/p>","protected":false},"featured_media":20447,"template":"","meta":{"iawp_total_views":15},"product_brand":[],"product_cat":[256,266,268],"product_tag":[171],"tarvikkeet_name":[],"brand_product":[230],"class_list":{"0":"post-7870","1":"product","2":"type-product","3":"status-publish","4":"has-post-thumbnail","6":"product_cat-kattovalaisin","7":"product_cat-kohdevalaisin","8":"product_cat-seinavalaisin","9":"product_tag-projectors","10":"brand_product-faro-barcelona","12":"first","13":"instock","14":"taxable","15":"shipping-taxable","16":"purchasable","17":"product-type-variable"},"_links":{"self":[{"href":"https:\/\/laatuvalo.fi\/en\/wp-json\/wp\/v2\/product\/7870","targetHints":{"allow":["GET"]}}],"collection":[{"href":"https:\/\/laatuvalo.fi\/en\/wp-json\/wp\/v2\/product"}],"about":[{"href":"https:\/\/laatuvalo.fi\/en\/wp-json\/wp\/v2\/types\/product"}],"version-history":[{"count":0,"href":"https:\/\/laatuvalo.fi\/en\/wp-json\/wp\/v2\/product\/7870\/revisions"}],"wp:featuredmedia":[{"embeddable":true,"href":"https:\/\/laatuvalo.fi\/en\/wp-json\/wp\/v2\/media\/20447"}],"wp:attachment":[{"href":"https:\/\/laatuvalo.fi\/en\/wp-json\/wp\/v2\/media?parent=7870"}],"wp:term":[{"taxonomy":"product_brand","embeddable":true,"href":"https:\/\/laatuvalo.fi\/en\/wp-json\/wp\/v2\/product_brand?post=7870"},{"taxonomy":"product_cat","embeddable":true,"href":"https:\/\/laatuvalo.fi\/en\/wp-json\/wp\/v2\/product_cat?post=7870"},{"taxonomy":"product_tag","embeddable":true,"href":"https:\/\/laatuvalo.fi\/en\/wp-json\/wp\/v2\/product_tag?post=7870"},{"taxonomy":"tarvikkeet_name","embeddable":true,"href":"https:\/\/laatuvalo.fi\/en\/wp-json\/wp\/v2\/tarvikkeet_name?post=7870"},{"taxonomy":"brand_product","embeddable":true,"href":"https:\/\/laatuvalo.fi\/en\/wp-json\/wp\/v2\/brand_product?post=7870"}],"curies":[{"name":"wp","href":"https:\/\/api.w.org\/{rel}","templated":true}]}}