{"id":7877,"date":"2021-09-15T14:02:21","date_gmt":"2021-09-15T12:02:21","guid":{"rendered":"https:\/\/laatuvalo.fi\/product\/stan-19\/"},"modified":"2023-05-02T09:52:09","modified_gmt":"2023-05-02T07:52:09","slug":"stan-upotettava","status":"publish","type":"product","link":"https:\/\/laatuvalo.fi\/en\/product\/stan-upotettava\/","title":{"rendered":"STAN SUBMERSIBLE"},"content":{"rendered":"<p>Alumiinista valmistettu minimalistinen upotettava kattovalaisin, saatavilla valkoisena, mustana tai kullan v\u00e4risen\u00e4. Valonl\u00e4hteen\u00e4 toimii GU10 max 8W polttimo (ei sis. hintaan). T\u00e4m\u00e4 tyylik\u00e4s valaisin sopii t\u00e4ydellisesti eri tilojen valaistukseen, kuten olohuoneeseen, eteiseen tai keitti\u00f6\u00f6n. Ajaton ja toimiva ratkaisu jokaiseen kotiin tai toimistoon. Tutustu koko STAN sarjaan: kiskoon sopivaan malliin tai sein\u00e4- ja kattomalleihin.<\/p>","protected":false},"excerpt":{"rendered":"<p>minimalistinen upotettava kattovalaisin vaihtopolttimolla<\/p>","protected":false},"featured_media":20435,"template":"","meta":{"iawp_total_views":11},"product_brand":[],"product_cat":[266,267],"product_tag":[165],"tarvikkeet_name":[],"brand_product":[230],"class_list":{"0":"post-7877","1":"product","2":"type-product","3":"status-publish","4":"has-post-thumbnail","6":"product_cat-kohdevalaisin","7":"product_cat-upotettava-valaisin","8":"product_tag-recessed","9":"brand_product-faro-barcelona","11":"first","12":"instock","13":"taxable","14":"shipping-taxable","15":"purchasable","16":"product-type-variable"},"_links":{"self":[{"href":"https:\/\/laatuvalo.fi\/en\/wp-json\/wp\/v2\/product\/7877","targetHints":{"allow":["GET"]}}],"collection":[{"href":"https:\/\/laatuvalo.fi\/en\/wp-json\/wp\/v2\/product"}],"about":[{"href":"https:\/\/laatuvalo.fi\/en\/wp-json\/wp\/v2\/types\/product"}],"version-history":[{"count":0,"href":"https:\/\/laatuvalo.fi\/en\/wp-json\/wp\/v2\/product\/7877\/revisions"}],"wp:featuredmedia":[{"embeddable":true,"href":"https:\/\/laatuvalo.fi\/en\/wp-json\/wp\/v2\/media\/20435"}],"wp:attachment":[{"href":"https:\/\/laatuvalo.fi\/en\/wp-json\/wp\/v2\/media?parent=7877"}],"wp:term":[{"taxonomy":"product_brand","embeddable":true,"href":"https:\/\/laatuvalo.fi\/en\/wp-json\/wp\/v2\/product_brand?post=7877"},{"taxonomy":"product_cat","embeddable":true,"href":"https:\/\/laatuvalo.fi\/en\/wp-json\/wp\/v2\/product_cat?post=7877"},{"taxonomy":"product_tag","embeddable":true,"href":"https:\/\/laatuvalo.fi\/en\/wp-json\/wp\/v2\/product_tag?post=7877"},{"taxonomy":"tarvikkeet_name","embeddable":true,"href":"https:\/\/laatuvalo.fi\/en\/wp-json\/wp\/v2\/tarvikkeet_name?post=7877"},{"taxonomy":"brand_product","embeddable":true,"href":"https:\/\/laatuvalo.fi\/en\/wp-json\/wp\/v2\/brand_product?post=7877"}],"curies":[{"name":"wp","href":"https:\/\/api.w.org\/{rel}","templated":true}]}}