{"id":7892,"date":"2021-09-15T14:02:23","date_gmt":"2021-09-15T12:02:23","guid":{"rendered":"https:\/\/laatuvalo.fi\/product\/stan-34\/"},"modified":"2023-05-02T12:01:42","modified_gmt":"2023-05-02T10:01:42","slug":"stan-kohdevalo","status":"publish","type":"product","link":"https:\/\/laatuvalo.fi\/en\/product\/stan-kohdevalo\/","title":{"rendered":"STAN KOHDEVALO"},"content":{"rendered":"<p>STAN KOHDEVALO Alumiinista valmistettu minimalistinen rungollinen sein\u00e4valaisin, saatavana valkoisena tai mustana, kahdella tai kolmella polttimolla. Valaisin voi asentaa joko sein\u00e4\u00e4n tai kattoon. Valonl\u00e4hteen\u00e4 toimi GU10 max 8W polttimo (ei sis. hintaan). T\u00e4m\u00e4 suunnattava valaisin sopii t\u00e4ydellisesti eri tilojen valaistukseen, kuten olohuoneeseen, eteiseen tai keitti\u00f6\u00f6n. Ajaton ja toimiva ratkaisu jokaiseen kotiin tai toimistoon. Tutustu koko STAN sarjaan: katto-, sein\u00e4malleihin tai upotetuun versioon.<\/p>","protected":false},"excerpt":{"rendered":"<p>MINIMALISTINEN SEIN\u00c4-\/ KATTOVALAISIN VAIHTOPOLTTIMOLLA<br \/>\nsaatavilla joko kaksi- tai kolmeosainen<\/p>","protected":false},"featured_media":20491,"template":"","meta":{"iawp_total_views":0},"product_brand":[],"product_cat":[256,268],"product_tag":[166],"tarvikkeet_name":[],"brand_product":[230],"class_list":{"0":"post-7892","1":"product","2":"type-product","3":"status-publish","4":"has-post-thumbnail","6":"product_cat-kattovalaisin","7":"product_cat-seinavalaisin","8":"product_tag-wall-lamp","9":"brand_product-faro-barcelona","11":"first","12":"instock","13":"taxable","14":"shipping-taxable","15":"purchasable","16":"product-type-variable"},"_links":{"self":[{"href":"https:\/\/laatuvalo.fi\/en\/wp-json\/wp\/v2\/product\/7892","targetHints":{"allow":["GET"]}}],"collection":[{"href":"https:\/\/laatuvalo.fi\/en\/wp-json\/wp\/v2\/product"}],"about":[{"href":"https:\/\/laatuvalo.fi\/en\/wp-json\/wp\/v2\/types\/product"}],"version-history":[{"count":0,"href":"https:\/\/laatuvalo.fi\/en\/wp-json\/wp\/v2\/product\/7892\/revisions"}],"wp:featuredmedia":[{"embeddable":true,"href":"https:\/\/laatuvalo.fi\/en\/wp-json\/wp\/v2\/media\/20491"}],"wp:attachment":[{"href":"https:\/\/laatuvalo.fi\/en\/wp-json\/wp\/v2\/media?parent=7892"}],"wp:term":[{"taxonomy":"product_brand","embeddable":true,"href":"https:\/\/laatuvalo.fi\/en\/wp-json\/wp\/v2\/product_brand?post=7892"},{"taxonomy":"product_cat","embeddable":true,"href":"https:\/\/laatuvalo.fi\/en\/wp-json\/wp\/v2\/product_cat?post=7892"},{"taxonomy":"product_tag","embeddable":true,"href":"https:\/\/laatuvalo.fi\/en\/wp-json\/wp\/v2\/product_tag?post=7892"},{"taxonomy":"tarvikkeet_name","embeddable":true,"href":"https:\/\/laatuvalo.fi\/en\/wp-json\/wp\/v2\/tarvikkeet_name?post=7892"},{"taxonomy":"brand_product","embeddable":true,"href":"https:\/\/laatuvalo.fi\/en\/wp-json\/wp\/v2\/brand_product?post=7892"}],"curies":[{"name":"wp","href":"https:\/\/api.w.org\/{rel}","templated":true}]}}