{"id":7901,"date":"2021-09-15T14:02:24","date_gmt":"2021-09-15T12:02:24","guid":{"rendered":"https:\/\/laatuvalo.fi\/product\/steps-3\/"},"modified":"2023-05-02T12:33:19","modified_gmt":"2023-05-02T10:33:19","slug":"steps","status":"publish","type":"product","link":"https:\/\/laatuvalo.fi\/en\/product\/steps\/","title":{"rendered":"STEPS"},"content":{"rendered":"<p>Alumiinista valmistettu minimalistinen yl\u00f6s- ja alasp\u00e4in valaiseva sein\u00e4valaisin ulkovalaistukseen\u00a0 saatavana valkoisena tai tummanharmaana. Valonl\u00e4hteen\u00e4 toimii GU10 max 8W polttimo (ei sis. hintaan). T\u00e4m\u00e4 tyylik\u00e4s melkein huomaamaton valaisin kest\u00e4\u00e4 sateiset s\u00e4\u00e4olosuhteet, sopii t\u00e4ydellisesti talon julkisivun sek\u00e4 terrassien valaistukseen. Ajaton ja toimiva ratkaisu jokaiseen arkkitehtuuriseen ratkaisuun. Valitse oma sopiva malli: kahdella tai nelj\u00e4ll\u00e4 valonl\u00e4hteell\u00e4.<\/p>\n<p>&nbsp;<\/p>","protected":false},"excerpt":{"rendered":"<p>UP- AND DOWN-LIGHTING WALL LUMINAIRE WITH REPLACEABLE BULB<\/p>","protected":false},"featured_media":20524,"template":"","meta":{"iawp_total_views":4},"product_brand":[],"product_cat":[266,268],"product_tag":[166],"tarvikkeet_name":[],"brand_product":[230],"class_list":{"0":"post-7901","1":"product","2":"type-product","3":"status-publish","4":"has-post-thumbnail","6":"product_cat-kohdevalaisin","7":"product_cat-seinavalaisin","8":"product_tag-wall-lamp","9":"brand_product-faro-barcelona","11":"first","12":"instock","13":"taxable","14":"shipping-taxable","15":"purchasable","16":"product-type-variable"},"_links":{"self":[{"href":"https:\/\/laatuvalo.fi\/en\/wp-json\/wp\/v2\/product\/7901","targetHints":{"allow":["GET"]}}],"collection":[{"href":"https:\/\/laatuvalo.fi\/en\/wp-json\/wp\/v2\/product"}],"about":[{"href":"https:\/\/laatuvalo.fi\/en\/wp-json\/wp\/v2\/types\/product"}],"version-history":[{"count":0,"href":"https:\/\/laatuvalo.fi\/en\/wp-json\/wp\/v2\/product\/7901\/revisions"}],"wp:featuredmedia":[{"embeddable":true,"href":"https:\/\/laatuvalo.fi\/en\/wp-json\/wp\/v2\/media\/20524"}],"wp:attachment":[{"href":"https:\/\/laatuvalo.fi\/en\/wp-json\/wp\/v2\/media?parent=7901"}],"wp:term":[{"taxonomy":"product_brand","embeddable":true,"href":"https:\/\/laatuvalo.fi\/en\/wp-json\/wp\/v2\/product_brand?post=7901"},{"taxonomy":"product_cat","embeddable":true,"href":"https:\/\/laatuvalo.fi\/en\/wp-json\/wp\/v2\/product_cat?post=7901"},{"taxonomy":"product_tag","embeddable":true,"href":"https:\/\/laatuvalo.fi\/en\/wp-json\/wp\/v2\/product_tag?post=7901"},{"taxonomy":"tarvikkeet_name","embeddable":true,"href":"https:\/\/laatuvalo.fi\/en\/wp-json\/wp\/v2\/tarvikkeet_name?post=7901"},{"taxonomy":"brand_product","embeddable":true,"href":"https:\/\/laatuvalo.fi\/en\/wp-json\/wp\/v2\/brand_product?post=7901"}],"curies":[{"name":"wp","href":"https:\/\/api.w.org\/{rel}","templated":true}]}}