{"id":7903,"date":"2021-09-15T14:02:24","date_gmt":"2021-09-15T12:02:24","guid":{"rendered":"https:\/\/laatuvalo.fi\/product\/sticker\/"},"modified":"2023-05-02T12:43:26","modified_gmt":"2023-05-02T10:43:26","slug":"sticker-seinavalaisin","status":"publish","type":"product","link":"https:\/\/laatuvalo.fi\/en\/product\/sticker-seinavalaisin\/","title":{"rendered":"STICKER WALL LAMP"},"content":{"rendered":"<p>Moderni, tyylik\u00e4s sein\u00e4valaisin ulkovalaistukseen. T\u00e4m\u00e4 yksikertainen mutta elegantti valaisin soveltuu erinomaisesti ulkok\u00e4ytt\u00f6\u00f6n kuten julkisivujen ja kulkuv\u00e4ylien valaistukseen, mutta se sopii my\u00f6s sis\u00e4tiloihin. Sertifioitu IP55 valaisin antaa korkean suojan sateelta ja rakeilta. Tutustu my\u00f6s pollarivalaisimeen samasta sarjasta.<\/p>","protected":false},"excerpt":{"rendered":"<p>LED SEIN\u00c4VALAISIN ULKOVALAISTUKSEEN IP 55<\/p>","protected":false},"featured_media":20535,"template":"","meta":{"iawp_total_views":5},"product_brand":[],"product_cat":[268],"product_tag":[166],"tarvikkeet_name":[],"brand_product":[230],"class_list":{"0":"post-7903","1":"product","2":"type-product","3":"status-publish","4":"has-post-thumbnail","6":"product_cat-seinavalaisin","7":"product_tag-wall-lamp","8":"brand_product-faro-barcelona","10":"first","11":"instock","12":"taxable","13":"shipping-taxable","14":"purchasable","15":"product-type-simple"},"_links":{"self":[{"href":"https:\/\/laatuvalo.fi\/en\/wp-json\/wp\/v2\/product\/7903","targetHints":{"allow":["GET"]}}],"collection":[{"href":"https:\/\/laatuvalo.fi\/en\/wp-json\/wp\/v2\/product"}],"about":[{"href":"https:\/\/laatuvalo.fi\/en\/wp-json\/wp\/v2\/types\/product"}],"version-history":[{"count":0,"href":"https:\/\/laatuvalo.fi\/en\/wp-json\/wp\/v2\/product\/7903\/revisions"}],"wp:featuredmedia":[{"embeddable":true,"href":"https:\/\/laatuvalo.fi\/en\/wp-json\/wp\/v2\/media\/20535"}],"wp:attachment":[{"href":"https:\/\/laatuvalo.fi\/en\/wp-json\/wp\/v2\/media?parent=7903"}],"wp:term":[{"taxonomy":"product_brand","embeddable":true,"href":"https:\/\/laatuvalo.fi\/en\/wp-json\/wp\/v2\/product_brand?post=7903"},{"taxonomy":"product_cat","embeddable":true,"href":"https:\/\/laatuvalo.fi\/en\/wp-json\/wp\/v2\/product_cat?post=7903"},{"taxonomy":"product_tag","embeddable":true,"href":"https:\/\/laatuvalo.fi\/en\/wp-json\/wp\/v2\/product_tag?post=7903"},{"taxonomy":"tarvikkeet_name","embeddable":true,"href":"https:\/\/laatuvalo.fi\/en\/wp-json\/wp\/v2\/tarvikkeet_name?post=7903"},{"taxonomy":"brand_product","embeddable":true,"href":"https:\/\/laatuvalo.fi\/en\/wp-json\/wp\/v2\/brand_product?post=7903"}],"curies":[{"name":"wp","href":"https:\/\/api.w.org\/{rel}","templated":true}]}}