{"id":7904,"date":"2021-09-15T14:02:24","date_gmt":"2021-09-15T12:02:24","guid":{"rendered":"https:\/\/laatuvalo.fi\/product\/sticker-2\/"},"modified":"2023-05-02T12:38:42","modified_gmt":"2023-05-02T10:38:42","slug":"sticker-pollarivalaisin","status":"publish","type":"product","link":"https:\/\/laatuvalo.fi\/en\/product\/sticker-pollarivalaisin\/","title":{"rendered":"STICKER BOLLARD LAMP"},"content":{"rendered":"<p>STICKER POLLARIVALAISIN LED-tekniikalla varustettu tyylik\u00e4s pollarivalaisin ulkovalaistukseen. Valmistettu alumiinista ja siin\u00e4 on opaali heijastin. Valaisin antaa pehme\u00e4\u00e4 tunnelmallista valoa ymp\u00e4rist\u00f6\u00f6n. Valonl\u00e4hde on COB LED 10W 3000K 623Lm. T\u00e4m\u00e4 tyylik\u00e4s ja yksinkertainen pollari on t\u00e4ydellinen valinta terassien, puutarhojen ja kulkuv\u00e4ylien valaisemiseen. IP 55 luokiteltu. Tutustu my\u00f6s saman sarjan sein\u00e4valaisimeen .<\/p>","protected":false},"excerpt":{"rendered":"<p>MODERNI POLLARIVALAISIN LED TEKNIIKALLA<\/p>","protected":false},"featured_media":20530,"template":"","meta":{"iawp_total_views":3},"product_brand":[],"product_cat":[270],"product_tag":[180],"tarvikkeet_name":[],"brand_product":[230],"class_list":{"0":"post-7904","1":"product","2":"type-product","3":"status-publish","4":"has-post-thumbnail","6":"product_cat-pollarivalaisin","7":"product_tag-bollards","8":"brand_product-faro-barcelona","10":"first","11":"instock","12":"taxable","13":"shipping-taxable","14":"purchasable","15":"product-type-simple"},"_links":{"self":[{"href":"https:\/\/laatuvalo.fi\/en\/wp-json\/wp\/v2\/product\/7904","targetHints":{"allow":["GET"]}}],"collection":[{"href":"https:\/\/laatuvalo.fi\/en\/wp-json\/wp\/v2\/product"}],"about":[{"href":"https:\/\/laatuvalo.fi\/en\/wp-json\/wp\/v2\/types\/product"}],"version-history":[{"count":0,"href":"https:\/\/laatuvalo.fi\/en\/wp-json\/wp\/v2\/product\/7904\/revisions"}],"wp:featuredmedia":[{"embeddable":true,"href":"https:\/\/laatuvalo.fi\/en\/wp-json\/wp\/v2\/media\/20530"}],"wp:attachment":[{"href":"https:\/\/laatuvalo.fi\/en\/wp-json\/wp\/v2\/media?parent=7904"}],"wp:term":[{"taxonomy":"product_brand","embeddable":true,"href":"https:\/\/laatuvalo.fi\/en\/wp-json\/wp\/v2\/product_brand?post=7904"},{"taxonomy":"product_cat","embeddable":true,"href":"https:\/\/laatuvalo.fi\/en\/wp-json\/wp\/v2\/product_cat?post=7904"},{"taxonomy":"product_tag","embeddable":true,"href":"https:\/\/laatuvalo.fi\/en\/wp-json\/wp\/v2\/product_tag?post=7904"},{"taxonomy":"tarvikkeet_name","embeddable":true,"href":"https:\/\/laatuvalo.fi\/en\/wp-json\/wp\/v2\/tarvikkeet_name?post=7904"},{"taxonomy":"brand_product","embeddable":true,"href":"https:\/\/laatuvalo.fi\/en\/wp-json\/wp\/v2\/brand_product?post=7904"}],"curies":[{"name":"wp","href":"https:\/\/api.w.org\/{rel}","templated":true}]}}