{"id":7997,"date":"2021-09-15T14:03:16","date_gmt":"2021-09-15T12:03:16","guid":{"rendered":"https:\/\/laatuvalo.fi\/product\/ten-9\/"},"modified":"2023-05-02T13:39:04","modified_gmt":"2023-05-02T11:39:04","slug":"ten-70","status":"publish","type":"product","link":"https:\/\/laatuvalo.fi\/en\/product\/ten-70\/","title":{"rendered":"TEN 70"},"content":{"rendered":"<p>TEN 70 on muodoltaan hauska sein\u00e4valaisin, joka sopii t\u00e4ydellisesti koristevalaistukseen erilaisiin tiloihin. Voit asentaa vain yhden valaisimen tai useamman samalle sein\u00e4lle tai kattoon. N\u00e4in luot kauniin oman kokoelman. Saatavilla laaja valikoima v\u00e4rej\u00e4. Saman sarjaan kuulu TEN 140 joka on valaisimesta isompi versio. Lasten huoneessa, eteisess\u00e4 tai kokoustilassa valaisin kiinnitt\u00e4\u00e4 heti huomiota ja tekee arjesta valoisempaa ja hauskempaa.<\/p>","protected":false},"excerpt":{"rendered":"<p>CEILING\/WALL LAMP WITH REPLACEABLE BULB<\/p>","protected":false},"featured_media":20554,"template":"","meta":{"iawp_total_views":0},"product_brand":[],"product_cat":[268],"product_tag":[166],"tarvikkeet_name":[],"brand_product":[230],"class_list":{"0":"post-7997","1":"product","2":"type-product","3":"status-publish","4":"has-post-thumbnail","6":"product_cat-seinavalaisin","7":"product_tag-wall-lamp","8":"brand_product-faro-barcelona","10":"first","11":"instock","12":"taxable","13":"shipping-taxable","14":"purchasable","15":"product-type-variable"},"_links":{"self":[{"href":"https:\/\/laatuvalo.fi\/en\/wp-json\/wp\/v2\/product\/7997","targetHints":{"allow":["GET"]}}],"collection":[{"href":"https:\/\/laatuvalo.fi\/en\/wp-json\/wp\/v2\/product"}],"about":[{"href":"https:\/\/laatuvalo.fi\/en\/wp-json\/wp\/v2\/types\/product"}],"version-history":[{"count":0,"href":"https:\/\/laatuvalo.fi\/en\/wp-json\/wp\/v2\/product\/7997\/revisions"}],"wp:featuredmedia":[{"embeddable":true,"href":"https:\/\/laatuvalo.fi\/en\/wp-json\/wp\/v2\/media\/20554"}],"wp:attachment":[{"href":"https:\/\/laatuvalo.fi\/en\/wp-json\/wp\/v2\/media?parent=7997"}],"wp:term":[{"taxonomy":"product_brand","embeddable":true,"href":"https:\/\/laatuvalo.fi\/en\/wp-json\/wp\/v2\/product_brand?post=7997"},{"taxonomy":"product_cat","embeddable":true,"href":"https:\/\/laatuvalo.fi\/en\/wp-json\/wp\/v2\/product_cat?post=7997"},{"taxonomy":"product_tag","embeddable":true,"href":"https:\/\/laatuvalo.fi\/en\/wp-json\/wp\/v2\/product_tag?post=7997"},{"taxonomy":"tarvikkeet_name","embeddable":true,"href":"https:\/\/laatuvalo.fi\/en\/wp-json\/wp\/v2\/tarvikkeet_name?post=7997"},{"taxonomy":"brand_product","embeddable":true,"href":"https:\/\/laatuvalo.fi\/en\/wp-json\/wp\/v2\/brand_product?post=7997"}],"curies":[{"name":"wp","href":"https:\/\/api.w.org\/{rel}","templated":true}]}}