{"id":8020,"date":"2021-09-15T12:03:21","date_gmt":"2021-09-15T12:03:21","guid":{"rendered":"https:\/\/laatuvalo.fi\/product\/toc-3\/"},"modified":"2023-05-02T13:42:43","modified_gmt":"2023-05-02T11:42:43","slug":"toc-380","status":"publish","type":"product","link":"https:\/\/laatuvalo.fi\/en\/product\/toc-380\/","title":{"rendered":"TOC 380"},"content":{"rendered":"<p>USB Ladattava ja kosketushimmennett\u00e4v\u00e4 LED p\u00f6yt\u00e4valaisin ulkok\u00e4ytt\u00f6\u00f6n. 9 tuntia kest\u00e4v\u00e4ll\u00e4 t\u00e4ysladatulla akulla valaiseva eleganttinen pieni TOC sopii loistavasti niin terassille, saunapihalle kuin kaupungissa asunnon parvekkeelle. Metallista valmistetussa valaisimessa on korkea suojaus sateelta ja rakeilta.<\/p>\n<p>TOC sopii sis\u00e4k\u00e4ytt\u00f6\u00f6nkin, vaikka lastenhuoneeseen. Luettaessa pienokaiselle kirjaa voit himment\u00e4\u00e4 valoa kun h\u00e4n nukahtaa. Tutustu samasta sarjasta lattiavalaisimeen ja sein\u00e4valaisimeen.<\/p>","protected":false},"excerpt":{"rendered":"<p>USB Ladattava ja kosketushimmennett\u00e4v\u00e4 LED p\u00f6yt\u00e4valaisin<\/p>","protected":false},"featured_media":20584,"template":"","meta":{"iawp_total_views":12},"product_brand":[],"product_cat":[265],"product_tag":[170],"tarvikkeet_name":[],"brand_product":[230],"class_list":{"0":"post-8020","1":"product","2":"type-product","3":"status-publish","4":"has-post-thumbnail","6":"product_cat-ladattava-valaisin","7":"product_tag-portable-lamps","8":"brand_product-faro-barcelona","10":"first","11":"instock","12":"taxable","13":"shipping-taxable","14":"purchasable","15":"product-type-variable"},"_links":{"self":[{"href":"https:\/\/laatuvalo.fi\/en\/wp-json\/wp\/v2\/product\/8020","targetHints":{"allow":["GET"]}}],"collection":[{"href":"https:\/\/laatuvalo.fi\/en\/wp-json\/wp\/v2\/product"}],"about":[{"href":"https:\/\/laatuvalo.fi\/en\/wp-json\/wp\/v2\/types\/product"}],"version-history":[{"count":0,"href":"https:\/\/laatuvalo.fi\/en\/wp-json\/wp\/v2\/product\/8020\/revisions"}],"wp:featuredmedia":[{"embeddable":true,"href":"https:\/\/laatuvalo.fi\/en\/wp-json\/wp\/v2\/media\/20584"}],"wp:attachment":[{"href":"https:\/\/laatuvalo.fi\/en\/wp-json\/wp\/v2\/media?parent=8020"}],"wp:term":[{"taxonomy":"product_brand","embeddable":true,"href":"https:\/\/laatuvalo.fi\/en\/wp-json\/wp\/v2\/product_brand?post=8020"},{"taxonomy":"product_cat","embeddable":true,"href":"https:\/\/laatuvalo.fi\/en\/wp-json\/wp\/v2\/product_cat?post=8020"},{"taxonomy":"product_tag","embeddable":true,"href":"https:\/\/laatuvalo.fi\/en\/wp-json\/wp\/v2\/product_tag?post=8020"},{"taxonomy":"tarvikkeet_name","embeddable":true,"href":"https:\/\/laatuvalo.fi\/en\/wp-json\/wp\/v2\/tarvikkeet_name?post=8020"},{"taxonomy":"brand_product","embeddable":true,"href":"https:\/\/laatuvalo.fi\/en\/wp-json\/wp\/v2\/brand_product?post=8020"}],"curies":[{"name":"wp","href":"https:\/\/api.w.org\/{rel}","templated":true}]}}