{"id":8021,"date":"2021-09-15T14:03:21","date_gmt":"2021-09-15T12:03:21","guid":{"rendered":"https:\/\/laatuvalo.fi\/product\/toc-4\/"},"modified":"2023-05-02T13:43:02","modified_gmt":"2023-05-02T11:43:02","slug":"toc-1500","status":"publish","type":"product","link":"https:\/\/laatuvalo.fi\/en\/product\/toc-1500\/","title":{"rendered":"TOC 1500"},"content":{"rendered":"<p>TOC 1500 USB Ladattava ja kosketushimmennett\u00e4v\u00e4 LED valkoinen lattiavalaisin ulkok\u00e4ytt\u00f6\u00f6n. 9 tuntia kest\u00e4v\u00e4ll\u00e4 t\u00e4ysladatulla akulla valaiseva eleganttinen TOC sopii loistavasti niin terassille, saunapihalle kuin kaupungissa asunnon parvekkeelle. Metallista valmistetussa valaisimessa on korkea suojaus sateelta ja rakeilta. TOC sopii sis\u00e4k\u00e4ytt\u00f6\u00f6nkin, vaikka lastenhuoneeseen. Luettaessa pienokaiselle kirjaa voit himment\u00e4\u00e4 valoa kun h\u00e4n nukahtaa. Tutustu saman sarjan p\u00f6yt\u00e4valaisimeen ja sein\u00e4valaisimeen.<\/p>","protected":false},"excerpt":{"rendered":"<p>LADATTAVA LED &#8211; ATTIAVALAISIN ULKOK\u00c4YTT\u00d6\u00d6N<\/p>","protected":false},"featured_media":20595,"template":"","meta":{"iawp_total_views":5},"product_brand":[],"product_cat":[255],"product_tag":[167],"tarvikkeet_name":[],"brand_product":[230],"class_list":{"0":"post-8021","1":"product","2":"type-product","3":"status-publish","4":"has-post-thumbnail","6":"product_cat-lattiavalaisin","7":"product_tag-table-and-floor-lamps","8":"brand_product-faro-barcelona","10":"first","11":"instock","12":"taxable","13":"shipping-taxable","14":"purchasable","15":"product-type-simple"},"_links":{"self":[{"href":"https:\/\/laatuvalo.fi\/en\/wp-json\/wp\/v2\/product\/8021","targetHints":{"allow":["GET"]}}],"collection":[{"href":"https:\/\/laatuvalo.fi\/en\/wp-json\/wp\/v2\/product"}],"about":[{"href":"https:\/\/laatuvalo.fi\/en\/wp-json\/wp\/v2\/types\/product"}],"version-history":[{"count":0,"href":"https:\/\/laatuvalo.fi\/en\/wp-json\/wp\/v2\/product\/8021\/revisions"}],"wp:featuredmedia":[{"embeddable":true,"href":"https:\/\/laatuvalo.fi\/en\/wp-json\/wp\/v2\/media\/20595"}],"wp:attachment":[{"href":"https:\/\/laatuvalo.fi\/en\/wp-json\/wp\/v2\/media?parent=8021"}],"wp:term":[{"taxonomy":"product_brand","embeddable":true,"href":"https:\/\/laatuvalo.fi\/en\/wp-json\/wp\/v2\/product_brand?post=8021"},{"taxonomy":"product_cat","embeddable":true,"href":"https:\/\/laatuvalo.fi\/en\/wp-json\/wp\/v2\/product_cat?post=8021"},{"taxonomy":"product_tag","embeddable":true,"href":"https:\/\/laatuvalo.fi\/en\/wp-json\/wp\/v2\/product_tag?post=8021"},{"taxonomy":"tarvikkeet_name","embeddable":true,"href":"https:\/\/laatuvalo.fi\/en\/wp-json\/wp\/v2\/tarvikkeet_name?post=8021"},{"taxonomy":"brand_product","embeddable":true,"href":"https:\/\/laatuvalo.fi\/en\/wp-json\/wp\/v2\/brand_product?post=8021"}],"curies":[{"name":"wp","href":"https:\/\/api.w.org\/{rel}","templated":true}]}}