{"id":8023,"date":"2021-09-15T14:03:21","date_gmt":"2021-09-15T12:03:21","guid":{"rendered":"https:\/\/laatuvalo.fi\/product\/toc-6\/"},"modified":"2023-05-02T13:44:24","modified_gmt":"2023-05-02T11:44:24","slug":"toc-seinavalaisin","status":"publish","type":"product","link":"https:\/\/laatuvalo.fi\/en\/product\/toc-seinavalaisin\/","title":{"rendered":"TOC WALL LAMP"},"content":{"rendered":"<p>TOC SEIN\u00c4VALAISIN TOC sein\u00e4valaisin on IP 65 sertifioitu, ja se on t\u00e4ydellinen valinta koristevalaistukseen julkisivuun ja terasseilla, my\u00f6s l\u00e4hell\u00e4 merta tai suolaista vett\u00e4. Tutustu my\u00f6s lattia- ja p\u00f6yt\u00e4valaisimiin samasta sarjasta.<\/p>","protected":false},"excerpt":{"rendered":"<p>LED SEIN\u00c4VALAISIN ULKOK\u00c4YTT\u00d6\u00d6N 3000K, IP 65<\/p>","protected":false},"featured_media":20598,"template":"","meta":{"iawp_total_views":6},"product_brand":[],"product_cat":[268],"product_tag":[166],"tarvikkeet_name":[],"brand_product":[230],"class_list":{"0":"post-8023","1":"product","2":"type-product","3":"status-publish","4":"has-post-thumbnail","6":"product_cat-seinavalaisin","7":"product_tag-wall-lamp","8":"brand_product-faro-barcelona","10":"first","11":"instock","12":"taxable","13":"shipping-taxable","14":"purchasable","15":"product-type-simple"},"_links":{"self":[{"href":"https:\/\/laatuvalo.fi\/en\/wp-json\/wp\/v2\/product\/8023","targetHints":{"allow":["GET"]}}],"collection":[{"href":"https:\/\/laatuvalo.fi\/en\/wp-json\/wp\/v2\/product"}],"about":[{"href":"https:\/\/laatuvalo.fi\/en\/wp-json\/wp\/v2\/types\/product"}],"version-history":[{"count":0,"href":"https:\/\/laatuvalo.fi\/en\/wp-json\/wp\/v2\/product\/8023\/revisions"}],"wp:featuredmedia":[{"embeddable":true,"href":"https:\/\/laatuvalo.fi\/en\/wp-json\/wp\/v2\/media\/20598"}],"wp:attachment":[{"href":"https:\/\/laatuvalo.fi\/en\/wp-json\/wp\/v2\/media?parent=8023"}],"wp:term":[{"taxonomy":"product_brand","embeddable":true,"href":"https:\/\/laatuvalo.fi\/en\/wp-json\/wp\/v2\/product_brand?post=8023"},{"taxonomy":"product_cat","embeddable":true,"href":"https:\/\/laatuvalo.fi\/en\/wp-json\/wp\/v2\/product_cat?post=8023"},{"taxonomy":"product_tag","embeddable":true,"href":"https:\/\/laatuvalo.fi\/en\/wp-json\/wp\/v2\/product_tag?post=8023"},{"taxonomy":"tarvikkeet_name","embeddable":true,"href":"https:\/\/laatuvalo.fi\/en\/wp-json\/wp\/v2\/tarvikkeet_name?post=8023"},{"taxonomy":"brand_product","embeddable":true,"href":"https:\/\/laatuvalo.fi\/en\/wp-json\/wp\/v2\/brand_product?post=8023"}],"curies":[{"name":"wp","href":"https:\/\/api.w.org\/{rel}","templated":true}]}}