{"id":8034,"date":"2021-09-15T14:03:23","date_gmt":"2021-09-15T12:03:23","guid":{"rendered":"https:\/\/laatuvalo.fi\/product\/toni\/"},"modified":"2023-05-02T13:49:34","modified_gmt":"2023-05-02T11:49:34","slug":"toni","status":"publish","type":"product","link":"https:\/\/laatuvalo.fi\/en\/product\/toni\/","title":{"rendered":"TONI"},"content":{"rendered":"<p>Moderni ja eritt\u00e4in k\u00e4yt\u00e4nn\u00f6llinen kohdevalaisin piikill\u00e4 ulkovalaistukseen.\u00a0 Pieni suunnattava valaisin on varsin helppok\u00e4ytt\u00f6inen, sill\u00e4 vaihtopolttimolla on mahdollista valita oma haluttu v\u00e4ril\u00e4mp\u00f6tila. Valaisin on pinnoitettu ruostetta vastaan, ja IP65-luokkan ansiota, sill\u00e4 on korkea suoja sateelta ja rakeilta. Ihanteellinen puutarhavalaistukseen, jolloin voidaan korostaa puita, kasveja ja koriste-elementtej\u00e4.<\/p>","protected":false},"excerpt":{"rendered":"<p>PIHAVALAISIN PIIKILL\u00c4 JA VAIHTOPOLTTIMOLLA<br \/>\n<em>(sea-side suitable)<\/em><\/p>","protected":false},"featured_media":20601,"template":"","meta":{"iawp_total_views":3},"product_brand":[],"product_cat":[266],"product_tag":[177],"tarvikkeet_name":[],"brand_product":[230],"class_list":{"0":"post-8034","1":"product","2":"type-product","3":"status-publish","4":"has-post-thumbnail","6":"product_cat-kohdevalaisin","7":"product_tag-spikes","8":"brand_product-faro-barcelona","10":"first","11":"instock","12":"taxable","13":"shipping-taxable","14":"purchasable","15":"product-type-simple"},"_links":{"self":[{"href":"https:\/\/laatuvalo.fi\/en\/wp-json\/wp\/v2\/product\/8034","targetHints":{"allow":["GET"]}}],"collection":[{"href":"https:\/\/laatuvalo.fi\/en\/wp-json\/wp\/v2\/product"}],"about":[{"href":"https:\/\/laatuvalo.fi\/en\/wp-json\/wp\/v2\/types\/product"}],"version-history":[{"count":0,"href":"https:\/\/laatuvalo.fi\/en\/wp-json\/wp\/v2\/product\/8034\/revisions"}],"wp:featuredmedia":[{"embeddable":true,"href":"https:\/\/laatuvalo.fi\/en\/wp-json\/wp\/v2\/media\/20601"}],"wp:attachment":[{"href":"https:\/\/laatuvalo.fi\/en\/wp-json\/wp\/v2\/media?parent=8034"}],"wp:term":[{"taxonomy":"product_brand","embeddable":true,"href":"https:\/\/laatuvalo.fi\/en\/wp-json\/wp\/v2\/product_brand?post=8034"},{"taxonomy":"product_cat","embeddable":true,"href":"https:\/\/laatuvalo.fi\/en\/wp-json\/wp\/v2\/product_cat?post=8034"},{"taxonomy":"product_tag","embeddable":true,"href":"https:\/\/laatuvalo.fi\/en\/wp-json\/wp\/v2\/product_tag?post=8034"},{"taxonomy":"tarvikkeet_name","embeddable":true,"href":"https:\/\/laatuvalo.fi\/en\/wp-json\/wp\/v2\/tarvikkeet_name?post=8034"},{"taxonomy":"brand_product","embeddable":true,"href":"https:\/\/laatuvalo.fi\/en\/wp-json\/wp\/v2\/brand_product?post=8034"}],"curies":[{"name":"wp","href":"https:\/\/api.w.org\/{rel}","templated":true}]}}