{"id":8077,"date":"2021-09-15T14:03:29","date_gmt":"2021-09-15T12:03:29","guid":{"rendered":"https:\/\/laatuvalo.fi\/product\/vesper-3\/"},"modified":"2023-05-03T08:26:55","modified_gmt":"2023-05-03T06:26:55","slug":"vesper-seinavalaisin","status":"publish","type":"product","link":"https:\/\/laatuvalo.fi\/en\/product\/vesper-seinavalaisin\/","title":{"rendered":"VESPER WALL LAMP"},"content":{"rendered":"<p>VESPER on design-valaisinsarja johon kuuluu tyylikk\u00e4\u00e4t lattia-, sein\u00e4-, p\u00f6yt\u00e4valaisimet. Sen klassisen tyylin takia, valaisin sopii moniin tunnelmiin. Valaisimen siro metallinen runko tekee t\u00e4st\u00e4 keve\u00e4n ja ilmavan sisustuselementin, joka tuo lis\u00e4\u00e4 arvokkuutta jokaiseen tilaan. VESPER on ajaton ja tyylik\u00e4s valinta my\u00f6s hotellivalaistukseen siin\u00e4 on k\u00e4tev\u00e4 lukuvalo integroitu runkoon. Varjostimen kankaan v\u00e4ri t\u00e4ss\u00e4 mallissa on beige ja rungon v\u00e4ri ruskea.<\/p>","protected":false},"excerpt":{"rendered":"<p>SEIN\u00c4VALAISIN LUKUVALOLLA<br \/>\nVarjostimen kankaan v\u00e4ri t\u00e4ss\u00e4 mallissa on beige ja rungon v\u00e4ri ruskea.<\/p>","protected":false},"featured_media":20687,"template":"","meta":{"iawp_total_views":9},"product_brand":[],"product_cat":[268],"product_tag":[166],"tarvikkeet_name":[],"brand_product":[230],"class_list":{"0":"post-8077","1":"product","2":"type-product","3":"status-publish","4":"has-post-thumbnail","6":"product_cat-seinavalaisin","7":"product_tag-wall-lamp","8":"brand_product-faro-barcelona","10":"first","11":"instock","12":"taxable","13":"shipping-taxable","14":"purchasable","15":"product-type-simple"},"_links":{"self":[{"href":"https:\/\/laatuvalo.fi\/en\/wp-json\/wp\/v2\/product\/8077","targetHints":{"allow":["GET"]}}],"collection":[{"href":"https:\/\/laatuvalo.fi\/en\/wp-json\/wp\/v2\/product"}],"about":[{"href":"https:\/\/laatuvalo.fi\/en\/wp-json\/wp\/v2\/types\/product"}],"version-history":[{"count":0,"href":"https:\/\/laatuvalo.fi\/en\/wp-json\/wp\/v2\/product\/8077\/revisions"}],"wp:featuredmedia":[{"embeddable":true,"href":"https:\/\/laatuvalo.fi\/en\/wp-json\/wp\/v2\/media\/20687"}],"wp:attachment":[{"href":"https:\/\/laatuvalo.fi\/en\/wp-json\/wp\/v2\/media?parent=8077"}],"wp:term":[{"taxonomy":"product_brand","embeddable":true,"href":"https:\/\/laatuvalo.fi\/en\/wp-json\/wp\/v2\/product_brand?post=8077"},{"taxonomy":"product_cat","embeddable":true,"href":"https:\/\/laatuvalo.fi\/en\/wp-json\/wp\/v2\/product_cat?post=8077"},{"taxonomy":"product_tag","embeddable":true,"href":"https:\/\/laatuvalo.fi\/en\/wp-json\/wp\/v2\/product_tag?post=8077"},{"taxonomy":"tarvikkeet_name","embeddable":true,"href":"https:\/\/laatuvalo.fi\/en\/wp-json\/wp\/v2\/tarvikkeet_name?post=8077"},{"taxonomy":"brand_product","embeddable":true,"href":"https:\/\/laatuvalo.fi\/en\/wp-json\/wp\/v2\/brand_product?post=8077"}],"curies":[{"name":"wp","href":"https:\/\/api.w.org\/{rel}","templated":true}]}}