{"id":8086,"date":"2021-09-15T14:03:30","date_gmt":"2021-09-15T12:03:30","guid":{"rendered":"https:\/\/laatuvalo.fi\/product\/vesper-12\/"},"modified":"2023-05-03T08:24:34","modified_gmt":"2023-05-03T06:24:34","slug":"vesper-lattiavalaisin","status":"publish","type":"product","link":"https:\/\/laatuvalo.fi\/en\/product\/vesper-lattiavalaisin\/","title":{"rendered":"VESPER FLOOR LAMP"},"content":{"rendered":"<p>VESPER on design-valaisinsarja johon kuuluu tyylikk\u00e4\u00e4t lattia-, sein\u00e4-, p\u00f6yt\u00e4valaisimet.\u00a0 Sen klassisen tyylin takia, valaisin sopii moniin tunnelmiin. Valaisimen siro metallinen runko tekee t\u00e4st\u00e4 keve\u00e4n ja ilmavan sisustuselementin, joka tuo lis\u00e4\u00e4 arvokkuutta jokaiseen tilaan. VESPER on ajaton ja tyylik\u00e4s valinta my\u00f6s hotellivalaistukseen. Varjostimen kankaan v\u00e4ri t\u00e4ss\u00e4 mallissa on beige.<\/p>","protected":false},"excerpt":{"rendered":"<p>MODERNI LATTIAVALAISIN VAIHTOPOLTTIMOLLA<\/p>","protected":false},"featured_media":9707,"template":"","meta":{"iawp_total_views":6},"product_brand":[],"product_cat":[255],"product_tag":[167],"tarvikkeet_name":[],"brand_product":[230],"class_list":{"0":"post-8086","1":"product","2":"type-product","3":"status-publish","4":"has-post-thumbnail","6":"product_cat-lattiavalaisin","7":"product_tag-table-and-floor-lamps","8":"brand_product-faro-barcelona","10":"first","11":"instock","12":"taxable","13":"shipping-taxable","14":"purchasable","15":"product-type-simple"},"_links":{"self":[{"href":"https:\/\/laatuvalo.fi\/en\/wp-json\/wp\/v2\/product\/8086","targetHints":{"allow":["GET"]}}],"collection":[{"href":"https:\/\/laatuvalo.fi\/en\/wp-json\/wp\/v2\/product"}],"about":[{"href":"https:\/\/laatuvalo.fi\/en\/wp-json\/wp\/v2\/types\/product"}],"version-history":[{"count":0,"href":"https:\/\/laatuvalo.fi\/en\/wp-json\/wp\/v2\/product\/8086\/revisions"}],"wp:featuredmedia":[{"embeddable":true,"href":"https:\/\/laatuvalo.fi\/en\/wp-json\/wp\/v2\/media\/9707"}],"wp:attachment":[{"href":"https:\/\/laatuvalo.fi\/en\/wp-json\/wp\/v2\/media?parent=8086"}],"wp:term":[{"taxonomy":"product_brand","embeddable":true,"href":"https:\/\/laatuvalo.fi\/en\/wp-json\/wp\/v2\/product_brand?post=8086"},{"taxonomy":"product_cat","embeddable":true,"href":"https:\/\/laatuvalo.fi\/en\/wp-json\/wp\/v2\/product_cat?post=8086"},{"taxonomy":"product_tag","embeddable":true,"href":"https:\/\/laatuvalo.fi\/en\/wp-json\/wp\/v2\/product_tag?post=8086"},{"taxonomy":"tarvikkeet_name","embeddable":true,"href":"https:\/\/laatuvalo.fi\/en\/wp-json\/wp\/v2\/tarvikkeet_name?post=8086"},{"taxonomy":"brand_product","embeddable":true,"href":"https:\/\/laatuvalo.fi\/en\/wp-json\/wp\/v2\/brand_product?post=8086"}],"curies":[{"name":"wp","href":"https:\/\/api.w.org\/{rel}","templated":true}]}}