{"id":8103,"date":"2021-09-15T14:03:33","date_gmt":"2021-09-15T12:03:33","guid":{"rendered":"https:\/\/laatuvalo.fi\/product\/volta-8\/"},"modified":"2023-05-03T08:52:26","modified_gmt":"2023-05-03T06:52:26","slug":"volta-lattiavalaisin","status":"publish","type":"product","link":"https:\/\/laatuvalo.fi\/en\/product\/volta-lattiavalaisin\/","title":{"rendered":"VOLTA FLOOR LUMINAIRE"},"content":{"rendered":"<p>VOLTA on design-valaisinsarja johon kuuluu tyylikk\u00e4\u00e4t lattia-, sein\u00e4-, p\u00f6yt\u00e4valaisimet.\u00a0Sen klassinen ja minimalistinen muotoilu sopii loistavasti sek\u00e4 kodin ett\u00e4 hotellin sisustukseen. Valaisimessa on joko musta tai valkoinen tekstiilivarjostin, valonl\u00e4hteen\u00e4 toimii vaihtopolttimo. Tutustu my\u00f6s p\u00f6yt\u00e4valaisimeen samasta sarjasta.<\/p>","protected":false},"excerpt":{"rendered":"<p>KLASSINEN LATTIAVALAISIN VAIHTOPOLTTIMOLLA<\/p>","protected":false},"featured_media":20709,"template":"","meta":{"iawp_total_views":7},"product_brand":[],"product_cat":[255],"product_tag":[167],"tarvikkeet_name":[],"brand_product":[230],"class_list":{"0":"post-8103","1":"product","2":"type-product","3":"status-publish","4":"has-post-thumbnail","6":"product_cat-lattiavalaisin","7":"product_tag-table-and-floor-lamps","8":"brand_product-faro-barcelona","10":"first","11":"instock","12":"taxable","13":"shipping-taxable","14":"purchasable","15":"product-type-variable"},"_links":{"self":[{"href":"https:\/\/laatuvalo.fi\/en\/wp-json\/wp\/v2\/product\/8103","targetHints":{"allow":["GET"]}}],"collection":[{"href":"https:\/\/laatuvalo.fi\/en\/wp-json\/wp\/v2\/product"}],"about":[{"href":"https:\/\/laatuvalo.fi\/en\/wp-json\/wp\/v2\/types\/product"}],"version-history":[{"count":0,"href":"https:\/\/laatuvalo.fi\/en\/wp-json\/wp\/v2\/product\/8103\/revisions"}],"wp:featuredmedia":[{"embeddable":true,"href":"https:\/\/laatuvalo.fi\/en\/wp-json\/wp\/v2\/media\/20709"}],"wp:attachment":[{"href":"https:\/\/laatuvalo.fi\/en\/wp-json\/wp\/v2\/media?parent=8103"}],"wp:term":[{"taxonomy":"product_brand","embeddable":true,"href":"https:\/\/laatuvalo.fi\/en\/wp-json\/wp\/v2\/product_brand?post=8103"},{"taxonomy":"product_cat","embeddable":true,"href":"https:\/\/laatuvalo.fi\/en\/wp-json\/wp\/v2\/product_cat?post=8103"},{"taxonomy":"product_tag","embeddable":true,"href":"https:\/\/laatuvalo.fi\/en\/wp-json\/wp\/v2\/product_tag?post=8103"},{"taxonomy":"tarvikkeet_name","embeddable":true,"href":"https:\/\/laatuvalo.fi\/en\/wp-json\/wp\/v2\/tarvikkeet_name?post=8103"},{"taxonomy":"brand_product","embeddable":true,"href":"https:\/\/laatuvalo.fi\/en\/wp-json\/wp\/v2\/brand_product?post=8103"}],"curies":[{"name":"wp","href":"https:\/\/api.w.org\/{rel}","templated":true}]}}