{"id":8339,"date":"2021-09-19T16:37:02","date_gmt":"2021-09-19T14:37:02","guid":{"rendered":"https:\/\/laatuvalo.fi\/product\/slim-s1200-30w-led-ip20-2700k-3000k-b\/"},"modified":"2023-05-02T08:30:39","modified_gmt":"2023-05-02T06:30:39","slug":"slim","status":"publish","type":"product","link":"https:\/\/laatuvalo.fi\/en\/product\/slim\/","title":{"rendered":"SLIM"},"content":{"rendered":"<p>SLIM is a stylish and graceful, yet powerful pendant luminaire with LED technology, ideal for above dining or meeting tables. This visually understated luminaire will blend into any modern interior, creating an almost invisible glowing line in the air. SLIM is available in three different lengths: 120cm, 150cm and 180cm. And in two different colours: black or white.<\/p>\n<p>The SLIM luminaire body has been redesigned, now with two built-in colour temperatures, you can choose between 2700K or 3000K . The luminaire, made of top quality aluminium, gives a lot of soft and warm diffused light. A timeless solution for discerning tastes.<\/p>","protected":false},"excerpt":{"rendered":"<p>riippuvalaisin led tekniikalla.<br \/>\nkaksi sis\u00e4\u00e4nrakennettua v\u00e4ril\u00e4mp\u00f6tilaa:<br \/>\nvoit valita 2700K tai 3000K v\u00e4liss\u00e4 ennen\u00a0asennusta<\/p>","protected":false},"featured_media":20409,"template":"","meta":{"iawp_total_views":20},"product_brand":[],"product_cat":[253],"product_tag":[168],"tarvikkeet_name":[],"brand_product":[246],"class_list":{"0":"post-8339","1":"product","2":"type-product","3":"status-publish","4":"has-post-thumbnail","6":"product_cat-riippuvalaisin","7":"product_tag-pendant","8":"brand_product-light-point","10":"first","11":"instock","12":"taxable","13":"shipping-taxable","14":"purchasable","15":"product-type-variable"},"_links":{"self":[{"href":"https:\/\/laatuvalo.fi\/en\/wp-json\/wp\/v2\/product\/8339","targetHints":{"allow":["GET"]}}],"collection":[{"href":"https:\/\/laatuvalo.fi\/en\/wp-json\/wp\/v2\/product"}],"about":[{"href":"https:\/\/laatuvalo.fi\/en\/wp-json\/wp\/v2\/types\/product"}],"version-history":[{"count":0,"href":"https:\/\/laatuvalo.fi\/en\/wp-json\/wp\/v2\/product\/8339\/revisions"}],"wp:featuredmedia":[{"embeddable":true,"href":"https:\/\/laatuvalo.fi\/en\/wp-json\/wp\/v2\/media\/20409"}],"wp:attachment":[{"href":"https:\/\/laatuvalo.fi\/en\/wp-json\/wp\/v2\/media?parent=8339"}],"wp:term":[{"taxonomy":"product_brand","embeddable":true,"href":"https:\/\/laatuvalo.fi\/en\/wp-json\/wp\/v2\/product_brand?post=8339"},{"taxonomy":"product_cat","embeddable":true,"href":"https:\/\/laatuvalo.fi\/en\/wp-json\/wp\/v2\/product_cat?post=8339"},{"taxonomy":"product_tag","embeddable":true,"href":"https:\/\/laatuvalo.fi\/en\/wp-json\/wp\/v2\/product_tag?post=8339"},{"taxonomy":"tarvikkeet_name","embeddable":true,"href":"https:\/\/laatuvalo.fi\/en\/wp-json\/wp\/v2\/tarvikkeet_name?post=8339"},{"taxonomy":"brand_product","embeddable":true,"href":"https:\/\/laatuvalo.fi\/en\/wp-json\/wp\/v2\/brand_product?post=8339"}],"curies":[{"name":"wp","href":"https:\/\/api.w.org\/{rel}","templated":true}]}}