{"id":9014,"date":"2021-09-30T10:44:13","date_gmt":"2021-09-30T08:44:13","guid":{"rendered":"https:\/\/laatuvalo.fi\/product\/clear-2\/"},"modified":"2023-04-19T12:24:58","modified_gmt":"2023-04-19T10:24:58","slug":"clear","status":"publish","type":"product","link":"https:\/\/laatuvalo.fi\/en\/product\/clear\/","title":{"rendered":"CLEAR"},"content":{"rendered":"<p>CLEAR on py\u00f6re\u00e4 upotettava valaisin, varustettu LED-tekniikalla. Valaisin asennetaan huomattomasti kattoon saadakseen tasaista runsasta valonm\u00e4\u00e4r\u00e4\u00e4. Korkean IP65-luokituksen ansiosta se voidaan sijoittaa vesitiiviytt\u00e4 vaativiin paikkoihin, kuten kylpyhuoneet ja keitti\u00f6t.<\/p>","protected":false},"excerpt":{"rendered":"<p>UPOTETTAVA ALASVALO LED, IP 65<\/p>","protected":false},"featured_media":18142,"template":"","meta":{"iawp_total_views":5},"product_brand":[],"product_cat":[263,267],"product_tag":[283],"tarvikkeet_name":[],"brand_product":[230],"class_list":{"0":"post-9014","1":"product","2":"type-product","3":"status-publish","4":"has-post-thumbnail","6":"product_cat-kylpyhuonevalaisin","7":"product_cat-upotettava-valaisin","8":"product_tag-faro-upotettava-valaisin","9":"brand_product-faro-barcelona","11":"first","12":"instock","13":"taxable","14":"shipping-taxable","15":"purchasable","16":"product-type-simple"},"_links":{"self":[{"href":"https:\/\/laatuvalo.fi\/en\/wp-json\/wp\/v2\/product\/9014","targetHints":{"allow":["GET"]}}],"collection":[{"href":"https:\/\/laatuvalo.fi\/en\/wp-json\/wp\/v2\/product"}],"about":[{"href":"https:\/\/laatuvalo.fi\/en\/wp-json\/wp\/v2\/types\/product"}],"version-history":[{"count":0,"href":"https:\/\/laatuvalo.fi\/en\/wp-json\/wp\/v2\/product\/9014\/revisions"}],"wp:featuredmedia":[{"embeddable":true,"href":"https:\/\/laatuvalo.fi\/en\/wp-json\/wp\/v2\/media\/18142"}],"wp:attachment":[{"href":"https:\/\/laatuvalo.fi\/en\/wp-json\/wp\/v2\/media?parent=9014"}],"wp:term":[{"taxonomy":"product_brand","embeddable":true,"href":"https:\/\/laatuvalo.fi\/en\/wp-json\/wp\/v2\/product_brand?post=9014"},{"taxonomy":"product_cat","embeddable":true,"href":"https:\/\/laatuvalo.fi\/en\/wp-json\/wp\/v2\/product_cat?post=9014"},{"taxonomy":"product_tag","embeddable":true,"href":"https:\/\/laatuvalo.fi\/en\/wp-json\/wp\/v2\/product_tag?post=9014"},{"taxonomy":"tarvikkeet_name","embeddable":true,"href":"https:\/\/laatuvalo.fi\/en\/wp-json\/wp\/v2\/tarvikkeet_name?post=9014"},{"taxonomy":"brand_product","embeddable":true,"href":"https:\/\/laatuvalo.fi\/en\/wp-json\/wp\/v2\/brand_product?post=9014"}],"curies":[{"name":"wp","href":"https:\/\/api.w.org\/{rel}","templated":true}]}}