{"id":9045,"date":"2021-09-30T12:47:17","date_gmt":"2021-09-30T10:47:17","guid":{"rendered":"https:\/\/laatuvalo.fi\/product\/fox-7\/"},"modified":"2023-04-24T12:38:17","modified_gmt":"2023-04-24T10:38:17","slug":"fox-upotettava","status":"publish","type":"product","link":"https:\/\/laatuvalo.fi\/en\/product\/fox-upotettava\/","title":{"rendered":"FOX"},"content":{"rendered":"<p>Alumiinista valmistettu py\u00f6re\u00e4 upotettava alasvalo, saatavilla kehyksell\u00e4 tai kehykset\u00f6n. Samaan sarjaan kuuluu my\u00f6s suunnattava malli.\u00a0 \u00a0Valonl\u00e4hteen\u00e4 toimi integroitu led.\u00a0 T\u00e4m\u00e4 pieni funktionaalinen ja melko huomaton valaisin sopii t\u00e4ydellisesti talon eri tilojen, kuten olohuoneeseen, keitti\u00f6\u00f6n tai eteiseen. Huomioi, ett\u00e4 valaisin tarvitsee erillisen virtal\u00e4hteen.<\/p>","protected":false},"excerpt":{"rendered":"<p>led alasvalo 2700K, saatavilla kehyksell\u00e4 tai kehykset\u00f6n.<br \/>\nSamaan sarjaan kuuluu my\u00f6s suunnattava malli.<\/p>","protected":false},"featured_media":18806,"template":"","meta":{"iawp_total_views":9},"product_brand":[],"product_cat":[256,267],"product_tag":[283],"tarvikkeet_name":[],"brand_product":[230],"class_list":{"0":"post-9045","1":"product","2":"type-product","3":"status-publish","4":"has-post-thumbnail","6":"product_cat-kattovalaisin","7":"product_cat-upotettava-valaisin","8":"product_tag-faro-upotettava-valaisin","9":"brand_product-faro-barcelona","11":"first","12":"instock","13":"taxable","14":"shipping-taxable","15":"purchasable","16":"product-type-variable"},"_links":{"self":[{"href":"https:\/\/laatuvalo.fi\/en\/wp-json\/wp\/v2\/product\/9045","targetHints":{"allow":["GET"]}}],"collection":[{"href":"https:\/\/laatuvalo.fi\/en\/wp-json\/wp\/v2\/product"}],"about":[{"href":"https:\/\/laatuvalo.fi\/en\/wp-json\/wp\/v2\/types\/product"}],"version-history":[{"count":0,"href":"https:\/\/laatuvalo.fi\/en\/wp-json\/wp\/v2\/product\/9045\/revisions"}],"wp:featuredmedia":[{"embeddable":true,"href":"https:\/\/laatuvalo.fi\/en\/wp-json\/wp\/v2\/media\/18806"}],"wp:attachment":[{"href":"https:\/\/laatuvalo.fi\/en\/wp-json\/wp\/v2\/media?parent=9045"}],"wp:term":[{"taxonomy":"product_brand","embeddable":true,"href":"https:\/\/laatuvalo.fi\/en\/wp-json\/wp\/v2\/product_brand?post=9045"},{"taxonomy":"product_cat","embeddable":true,"href":"https:\/\/laatuvalo.fi\/en\/wp-json\/wp\/v2\/product_cat?post=9045"},{"taxonomy":"product_tag","embeddable":true,"href":"https:\/\/laatuvalo.fi\/en\/wp-json\/wp\/v2\/product_tag?post=9045"},{"taxonomy":"tarvikkeet_name","embeddable":true,"href":"https:\/\/laatuvalo.fi\/en\/wp-json\/wp\/v2\/tarvikkeet_name?post=9045"},{"taxonomy":"brand_product","embeddable":true,"href":"https:\/\/laatuvalo.fi\/en\/wp-json\/wp\/v2\/brand_product?post=9045"}],"curies":[{"name":"wp","href":"https:\/\/api.w.org\/{rel}","templated":true}]}}