{"id":9047,"date":"2021-09-30T12:47:17","date_gmt":"2021-09-30T10:47:17","guid":{"rendered":"https:\/\/laatuvalo.fi\/product\/nais-5\/"},"modified":"2023-04-27T13:21:14","modified_gmt":"2023-04-27T11:21:14","slug":"nais-alasvalo","status":"publish","type":"product","link":"https:\/\/laatuvalo.fi\/en\/product\/nais-alasvalo\/","title":{"rendered":"WOMEN ALASVALO"},"content":{"rendered":"<p>NAIS on py\u00f6re\u00e4 upotettava alumiinista ja ter\u00e4ksest\u00e4 valmistettu alasvalo. Valaisimeen integroitu ledin v\u00e4ril\u00e4mp\u00f6tila on 2700 K, joka luo l\u00e4mmint\u00e4 kodikasta tunnelmaa. Malli on saatavilla joko suunnattavana tai ei,\u00a0 molemmat sopivat t\u00e4ydellisesti kodin eri tiloihin, kuten olohuoneeseen, keitti\u00f6\u00f6n tai makuuhuoneeseen.<\/p>","protected":false},"excerpt":{"rendered":"<p>upotettava alasvalo 2700K, saatavilla kaksi mallia: suunnattava tai kiinte\u00e4<\/p>","protected":false},"featured_media":19952,"template":"","meta":{"iawp_total_views":4},"product_brand":[],"product_cat":[267],"product_tag":[283],"tarvikkeet_name":[],"brand_product":[230],"class_list":{"0":"post-9047","1":"product","2":"type-product","3":"status-publish","4":"has-post-thumbnail","6":"product_cat-upotettava-valaisin","7":"product_tag-faro-upotettava-valaisin","8":"brand_product-faro-barcelona","10":"first","11":"instock","12":"taxable","13":"shipping-taxable","14":"purchasable","15":"product-type-variable"},"_links":{"self":[{"href":"https:\/\/laatuvalo.fi\/en\/wp-json\/wp\/v2\/product\/9047","targetHints":{"allow":["GET"]}}],"collection":[{"href":"https:\/\/laatuvalo.fi\/en\/wp-json\/wp\/v2\/product"}],"about":[{"href":"https:\/\/laatuvalo.fi\/en\/wp-json\/wp\/v2\/types\/product"}],"version-history":[{"count":0,"href":"https:\/\/laatuvalo.fi\/en\/wp-json\/wp\/v2\/product\/9047\/revisions"}],"wp:featuredmedia":[{"embeddable":true,"href":"https:\/\/laatuvalo.fi\/en\/wp-json\/wp\/v2\/media\/19952"}],"wp:attachment":[{"href":"https:\/\/laatuvalo.fi\/en\/wp-json\/wp\/v2\/media?parent=9047"}],"wp:term":[{"taxonomy":"product_brand","embeddable":true,"href":"https:\/\/laatuvalo.fi\/en\/wp-json\/wp\/v2\/product_brand?post=9047"},{"taxonomy":"product_cat","embeddable":true,"href":"https:\/\/laatuvalo.fi\/en\/wp-json\/wp\/v2\/product_cat?post=9047"},{"taxonomy":"product_tag","embeddable":true,"href":"https:\/\/laatuvalo.fi\/en\/wp-json\/wp\/v2\/product_tag?post=9047"},{"taxonomy":"tarvikkeet_name","embeddable":true,"href":"https:\/\/laatuvalo.fi\/en\/wp-json\/wp\/v2\/tarvikkeet_name?post=9047"},{"taxonomy":"brand_product","embeddable":true,"href":"https:\/\/laatuvalo.fi\/en\/wp-json\/wp\/v2\/brand_product?post=9047"}],"curies":[{"name":"wp","href":"https:\/\/api.w.org\/{rel}","templated":true}]}}