{"id":9060,"date":"2021-09-30T12:47:43","date_gmt":"2021-09-30T10:47:43","guid":{"rendered":"https:\/\/laatuvalo.fi\/product\/fresh-10\/"},"modified":"2023-04-24T12:45:47","modified_gmt":"2023-04-24T10:45:47","slug":"fresh-alasvalo","status":"publish","type":"product","link":"https:\/\/laatuvalo.fi\/en\/product\/fresh-alasvalo\/","title":{"rendered":"FRESH ALASVALO"},"content":{"rendered":"<p>Alumiinista valmistettu py\u00f6re\u00e4 upotettava alasvalo, saatavilla kolmessa eri v\u00e4riss\u00e4. Valonl\u00e4hde sijaitsee syvemm\u00e4ll\u00e4, jolloin valo ei h\u00e4ik\u00e4ise. N\u00e4iss\u00e4 upotetuissa valaisimissa on eri IP luokat, jonka ansiota valaisin sopii t\u00e4ydellisesti talon eri tiloihin kuten: olohuoneeseen tai keitti\u00f6\u00f6n IP20, m\u00e4rk\u00e4tiloihin IP44\/IP65, tai ulkok\u00e4ytt\u00f6\u00f6n IP65. Tutustu my\u00f6s asymmetriseen versioon, joka toimi &#8221;wall washer&#8221;:ina.<\/p>","protected":false},"excerpt":{"rendered":"<p>ALASVALO VAIHTOPOLTTIMOLLA<br \/>\nSAATAVILLA IP 20, IP 44 tai IP 65<\/p>","protected":false},"featured_media":20659,"template":"","meta":{"iawp_total_views":10},"product_brand":[],"product_cat":[256,267],"product_tag":[],"tarvikkeet_name":[],"brand_product":[230],"class_list":{"0":"post-9060","1":"product","2":"type-product","3":"status-publish","4":"has-post-thumbnail","6":"product_cat-kattovalaisin","7":"product_cat-upotettava-valaisin","8":"brand_product-faro-barcelona","10":"first","11":"instock","12":"taxable","13":"shipping-taxable","14":"purchasable","15":"product-type-variable"},"_links":{"self":[{"href":"https:\/\/laatuvalo.fi\/en\/wp-json\/wp\/v2\/product\/9060","targetHints":{"allow":["GET"]}}],"collection":[{"href":"https:\/\/laatuvalo.fi\/en\/wp-json\/wp\/v2\/product"}],"about":[{"href":"https:\/\/laatuvalo.fi\/en\/wp-json\/wp\/v2\/types\/product"}],"version-history":[{"count":0,"href":"https:\/\/laatuvalo.fi\/en\/wp-json\/wp\/v2\/product\/9060\/revisions"}],"wp:featuredmedia":[{"embeddable":true,"href":"https:\/\/laatuvalo.fi\/en\/wp-json\/wp\/v2\/media\/20659"}],"wp:attachment":[{"href":"https:\/\/laatuvalo.fi\/en\/wp-json\/wp\/v2\/media?parent=9060"}],"wp:term":[{"taxonomy":"product_brand","embeddable":true,"href":"https:\/\/laatuvalo.fi\/en\/wp-json\/wp\/v2\/product_brand?post=9060"},{"taxonomy":"product_cat","embeddable":true,"href":"https:\/\/laatuvalo.fi\/en\/wp-json\/wp\/v2\/product_cat?post=9060"},{"taxonomy":"product_tag","embeddable":true,"href":"https:\/\/laatuvalo.fi\/en\/wp-json\/wp\/v2\/product_tag?post=9060"},{"taxonomy":"tarvikkeet_name","embeddable":true,"href":"https:\/\/laatuvalo.fi\/en\/wp-json\/wp\/v2\/tarvikkeet_name?post=9060"},{"taxonomy":"brand_product","embeddable":true,"href":"https:\/\/laatuvalo.fi\/en\/wp-json\/wp\/v2\/brand_product?post=9060"}],"curies":[{"name":"wp","href":"https:\/\/api.w.org\/{rel}","templated":true}]}}